{"id":573,"date":"2018-06-28T14:15:52","date_gmt":"2018-06-28T12:15:52","guid":{"rendered":"https:\/\/zebra3tel.com\/wordpress\/?page_id=573"},"modified":"2025-10-14T09:48:09","modified_gmt":"2025-10-14T07:48:09","slug":"testez-le-service","status":"publish","type":"page","link":"https:\/\/zebra3tel-voice.com\/?page_id=573","title":{"rendered":"Tester le service"},"content":{"rendered":"\t\t<div data-elementor-type=\"wp-page\" data-elementor-id=\"573\" class=\"elementor elementor-573\">\n\t\t\t\t<div class=\"elementor-element elementor-element-4b3bf5cd e-flex e-con-boxed e-con e-parent\" data-id=\"4b3bf5cd\" data-element_type=\"container\" data-e-type=\"container\">\n\t\t\t\t\t<div class=\"e-con-inner\">\n\t\t\t\t<div class=\"elementor-element elementor-element-1fead36 elementor-widget elementor-widget-text-editor\" data-id=\"1fead36\" data-element_type=\"widget\" data-e-type=\"widget\" data-widget_type=\"text-editor.default\">\n\t\t\t\t<div class=\"elementor-widget-container\">\n\t\t\t\t\t\t\t\t\t<p style=\"text-align: left;\">Parce qu&rsquo;il est souvent difficile de prendre une d\u00e9cision,<span style=\"color: #008000;\"><strong> Zebra3Tel <\/strong><\/span>met \u00e0 votre disposition des extensions de test pour que vous puissiez \u00e9valuer une partie des services offerts.<\/p><p style=\"text-align: left;\"><span style=\"text-decoration: underline;\"><strong>Restriction pendant la dur\u00e9e de l&rsquo;\u00e9valuation :<\/strong><\/span><\/p><ul style=\"text-align: left;\"><li style=\"list-style-type: none;\"><ul><li>dur\u00e9e de communication volontairement limit\u00e9e \u00e0 60 secondes,<\/li><li>vos communications sont susceptibles d&rsquo;\u00eatre enregistr\u00e9es,<\/li><li>m\u00e9morisation de votre adresse IP,<\/li><li>les appels d&rsquo;urgence ne sont pas g\u00e9r\u00e9s,<\/li><li>nombre r\u00e9duit de destinations.<\/li><\/ul><\/li><\/ul><p style=\"text-align: left;\"><strong><span style=\"text-decoration: underline;\">Configuration de votre terminal :<\/span><\/strong><\/p><ul style=\"text-align: left;\"><li style=\"list-style-type: none;\"><ul><li>les informations n\u00e9cessaires \u00e0 la configuration de votre terminal seront fournis par email sit\u00f4t votre ligne de test activ\u00e9e,<\/li><li>veillez \u00e0 fournir une adresse email valide, v\u00e9rifier votre dossier spam,<\/li><li>pour une s\u00e9curit\u00e9 accrue, veuillez modifier le mot de passe par qui vous a \u00e9t\u00e9 communiqu\u00e9.<\/li><\/ul><\/li><\/ul><p style=\"text-align: left;\"><span style=\"color: #008000;\"><strong>Zebra3Tel<\/strong> <\/span><span style=\"color: #ffffff;\">recommande les softphones ou\u00a0 applis VoIP gratuites suivantes :<\/span><\/p><p style=\"text-align: left;\"><a href=\"https:\/\/www.linphone.org\/\"><strong><em>Linphone<\/em><\/strong> (open source, appli pr\u00e9f\u00e9r\u00e9e)<\/a><\/p><p style=\"text-align: left;\"><a href=\"https:\/\/www.zoiper.com\/en\/voip-softphone\/download\/current\"><strong><em>Zoiper<\/em><\/strong> (version d&rsquo;\u00e9valuation gratuite)<\/a><\/p><h3 style=\"text-align: center;\">Utiliser le formulaire ci-dessous.<\/h3>\t\t\t\t\t\t\t\t<\/div>\n\t\t\t\t<\/div>\n\t\t\t\t\t<\/div>\n\t\t\t\t<\/div>\n\t\t<div class=\"elementor-element elementor-element-ee0d8d6 e-flex e-con-boxed e-con e-parent\" data-id=\"ee0d8d6\" data-element_type=\"container\" data-e-type=\"container\">\n\t\t\t\t\t<div class=\"e-con-inner\">\n\t\t\t\t<div class=\"elementor-element elementor-element-8ebcde2 elementor-invisible elementor-widget elementor-widget-wp-widget-wpforms-widget\" data-id=\"8ebcde2\" data-element_type=\"widget\" data-e-type=\"widget\" data-settings=\"{&quot;_animation&quot;:&quot;tada&quot;}\" data-widget_type=\"wp-widget-wpforms-widget.default\">\n\t\t\t\t<div class=\"elementor-widget-container\">\n\t\t\t\t\t<div class=\"wpforms-container wpforms-container-full wpforms-render-modern\" id=\"wpforms-898\"><form id=\"wpforms-form-898\" class=\"wpforms-validate wpforms-form wpforms-ajax-form\" data-formid=\"898\" method=\"post\" enctype=\"multipart\/form-data\" action=\"\/index.php?rest_route=%2Fwp%2Fv2%2Fpages%2F573\" data-token=\"731c7cb2afd26ea0dbbf1759cd09199f\" data-token-time=\"1776324012\"><noscript class=\"wpforms-error-noscript\">Veuillez activer JavaScript dans votre navigateur pour remplir ce formulaire.<\/noscript><div id=\"wpforms-error-noscript\" style=\"display: none;\">Veuillez activer JavaScript dans votre navigateur pour remplir ce formulaire.<\/div><div class=\"wpforms-field-container\"><div id=\"wpforms-898-field_1-container\" class=\"wpforms-field wpforms-field-name\" data-field-id=\"1\"><fieldset><legend class=\"wpforms-field-label\">Identit\u00e9 <span class=\"wpforms-required-label\" aria-hidden=\"true\">*<\/span><\/legend><div class=\"wpforms-field-row wpforms-field-medium\"><div class=\"wpforms-field-row-block wpforms-first wpforms-one-half\"><input type=\"text\" id=\"wpforms-898-field_1\" class=\"wpforms-field-name-first wpforms-field-required\" name=\"wpforms[fields][1][first]\" aria-errormessage=\"wpforms-898-field_1-error\" required><label for=\"wpforms-898-field_1\" class=\"wpforms-field-sublabel after\">Pr\u00e9nom<\/label><\/div><div class=\"wpforms-field-row-block wpforms-one-half\"><input type=\"text\" id=\"wpforms-898-field_1-last\" class=\"wpforms-field-name-last wpforms-field-required\" name=\"wpforms[fields][1][last]\" aria-errormessage=\"wpforms-898-field_1-last-error\" required><label for=\"wpforms-898-field_1-last\" class=\"wpforms-field-sublabel after\">Nom<\/label><\/div><\/div><\/fieldset><\/div><div id=\"wpforms-898-field_2-container\" class=\"wpforms-field wpforms-field-email\" data-field-id=\"2\"><label class=\"wpforms-field-label\" for=\"wpforms-898-field_2\">E-mail <span class=\"wpforms-required-label\" aria-hidden=\"true\">*<\/span><\/label><input type=\"email\" id=\"wpforms-898-field_2\" class=\"wpforms-field-medium wpforms-field-required\" name=\"wpforms[fields][2]\" spellcheck=\"false\" aria-errormessage=\"wpforms-898-field_2-error\" required><\/div><div id=\"wpforms-898-field_3-container\" class=\"wpforms-field wpforms-field-text\" data-field-id=\"3\"><label class=\"wpforms-field-label\" for=\"wpforms-898-field_3\">T\u00e9l\u00e9phone <span class=\"wpforms-required-label\" aria-hidden=\"true\">*<\/span><\/label><input type=\"text\" id=\"wpforms-898-field_3\" class=\"wpforms-field-medium wpforms-field-required\" name=\"wpforms[fields][3]\" aria-errormessage=\"wpforms-898-field_3-error\" required><\/div><div id=\"wpforms-898-field_5-container\" class=\"wpforms-field wpforms-field-text\" data-field-id=\"5\"><label class=\"wpforms-field-label\" for=\"wpforms-898-field_5\">Commentaires<\/label><input type=\"text\" id=\"wpforms-898-field_5\" class=\"wpforms-field-medium\" name=\"wpforms[fields][5]\" aria-errormessage=\"wpforms-898-field_5-error\" ><\/div><div id=\"wpforms-898-field_8-container\" class=\"wpforms-field wpforms-field-checkbox\" data-field-id=\"8\"><fieldset><legend class=\"wpforms-field-label\">Acc\u00e8s aux services Zebra3Tel <span class=\"wpforms-required-label\" aria-hidden=\"true\">*<\/span><\/legend><ul id=\"wpforms-898-field_8\" class=\"wpforms-field-required wpforms-icon-choices wpforms-icon-choices-default wpforms-icon-choices-small\" data-choice-limit=\"1\" style=\"--wpforms-icon-choices-color: #0b6325;\"><li class=\"choice-1 depth-1 wpforms-icon-choices-item\"><label class=\"wpforms-field-label-inline\" for=\"wpforms-898-field_8_1\">\n\t\t\t\t<span class=\"wpforms-icon-choices-icon\">\n\t\t\t\t\t<svg xmlns=\"http:\/\/www.w3.org\/2000\/svg\" width=\"40\" height=\"32\" viewBox=\"0 0 512 512\"><!--! Font Awesome Free 6.4.0 by @fontawesome - https:\/\/fontawesome.com License - https:\/\/fontawesome.com\/license\/free (Icons: CC BY 4.0, Fonts: SIL OFL 1.1, Code: MIT License) Copyright 2023 Fonticons, Inc. --><path d=\"M464 256A208 208 0 1 0 48 256a208 208 0 1 0 416 0zM0 256a256 256 0 1 1 512 0A256 256 0 1 1 0 256zm177.6 62.1C192.8 334.5 218.8 352 256 352s63.2-17.5 78.4-33.9c9-9.7 24.2-10.4 33.9-1.4s10.4 24.2 1.4 33.9c-22 23.8-60 49.4-113.6 49.4s-91.7-25.5-113.6-49.4c-9-9.7-8.4-24.9 1.4-33.9s24.9-8.4 33.9 1.4zM144.4 208a32 32 0 1 1 64 0 32 32 0 1 1 -64 0zm192-32a32 32 0 1 1 0 64 32 32 0 1 1 0-64z\"\/><\/svg>\n\t\t\t\t\t<span class=\"wpforms-icon-choices-icon-bg\"><\/span>\n\t\t\t\t<\/span>\n\t\t\t\t<input type=\"checkbox\" id=\"wpforms-898-field_8_1\" class=\"wpforms-screen-reader-element\" data-rule-check-limit=\"true\" name=\"wpforms[fields][8][]\" value=\"J&#039;accepte les conditions pour acc\u00e9der aux services Zebra3Tel\" aria-errormessage=\"wpforms-898-field_8_1-error\" required >\n\t\t\t\t<span class=\"wpforms-icon-choices-label\">J'accepte les conditions pour acc\u00e9der aux services Zebra3Tel<\/span>\n\t\t\t<\/label><\/li><\/ul><\/fieldset><\/div><div id=\"wpforms-898-field_13-container\" class=\"wpforms-field wpforms-field-payment-total wpforms-field-medium\" data-field-id=\"13\"><label class=\"wpforms-field-label\">Total<\/label><div class=\"wpforms-payment-total\" style=\"\">0,00 &euro;<\/div><input type=\"hidden\" id=\"wpforms-898-field_13\" class=\"wpforms-field-medium wpforms-payment-total\" name=\"wpforms[fields][13]\" value=\"0\"><\/div><\/div><!-- .wpforms-field-container --><div class=\"wpforms-recaptcha-container wpforms-is-recaptcha wpforms-is-recaptcha-type-invisible\" ><div class=\"g-recaptcha\" data-sitekey=\"6LfEBgEqAAAAAAH_p31UAvd-H0HPV89bb0QjDWmI\" data-size=\"invisible\"><\/div><\/div><div class=\"wpforms-submit-container\" ><input type=\"hidden\" name=\"wpforms[id]\" value=\"898\"><input type=\"hidden\" name=\"page_title\" value=\"\"><input type=\"hidden\" name=\"page_url\" value=\"https:\/\/zebra3tel-voice.com\/index.php?rest_route=\/wp\/v2\/pages\/573\"><input type=\"hidden\" name=\"url_referer\" value=\"\"><button type=\"submit\" name=\"wpforms[submit]\" id=\"wpforms-submit-898\" class=\"wpforms-submit\" data-alt-text=\"Envoi...\" data-submit-text=\"Envoyer\" aria-live=\"assertive\" value=\"wpforms-submit\">Envoyer<\/button><img decoding=\"async\" src=\"https:\/\/zebra3tel-voice.com\/wp-content\/plugins\/wpforms-lite\/assets\/images\/submit-spin.svg\" class=\"wpforms-submit-spinner\" style=\"display: none;\" width=\"26\" height=\"26\" alt=\"Chargement en cours\"><\/div><\/form><\/div>  <!-- .wpforms-container -->\t\t\t\t<\/div>\n\t\t\t\t<\/div>\n\t\t\t\t\t<\/div>\n\t\t\t\t<\/div>\n\t\t\t\t<\/div>\n\t\t","protected":false},"excerpt":{"rendered":"<p>Parce qu&rsquo;il est souvent difficile de prendre une d\u00e9cision, Zebra3Tel met \u00e0 votre disposition des extensions de test pour que vous puissiez \u00e9valuer une partie des services offerts. Restriction pendant la dur\u00e9e de l&rsquo;\u00e9valuation : dur\u00e9e de communication volontairement limit\u00e9e \u00e0 60 secondes, vos communications sont susceptibles d&rsquo;\u00eatre enregistr\u00e9es, m\u00e9morisation de votre adresse IP, les &hellip; <\/p>\n<p class=\"link-more\"><a href=\"https:\/\/zebra3tel-voice.com\/?page_id=573\" class=\"more-link\">Continuer la lecture<span class=\"screen-reader-text\"> de &laquo;&nbsp;Tester le service&nbsp;&raquo;<\/span><\/a><\/p>\n","protected":false},"author":1,"featured_media":0,"parent":0,"menu_order":0,"comment_status":"closed","ping_status":"closed","template":"elementor_canvas","meta":{"footnotes":""},"class_list":["post-573","page","type-page","status-publish","hentry"],"yoast_head":"<!-- This site is optimized with the Yoast SEO plugin v27.4 - https:\/\/yoast.com\/product\/yoast-seo-wordpress\/ -->\n<title>Tester le service - Zebra3.tel<\/title>\n<meta name=\"robots\" content=\"index, follow, max-snippet:-1, max-image-preview:large, max-video-preview:-1\" \/>\n<link rel=\"canonical\" href=\"https:\/\/zebra3tel-voice.com\/?page_id=573\" \/>\n<meta property=\"og:locale\" content=\"fr_FR\" \/>\n<meta property=\"og:type\" content=\"article\" \/>\n<meta property=\"og:title\" content=\"Tester le service - Zebra3.tel\" \/>\n<meta property=\"og:description\" content=\"Parce qu&rsquo;il est souvent difficile de prendre une d\u00e9cision, Zebra3Tel met \u00e0 votre disposition des extensions de test pour que vous puissiez \u00e9valuer une partie des services offerts. Restriction pendant la dur\u00e9e de l&rsquo;\u00e9valuation : dur\u00e9e de communication volontairement limit\u00e9e \u00e0 60 secondes, vos communications sont susceptibles d&rsquo;\u00eatre enregistr\u00e9es, m\u00e9morisation de votre adresse IP, les &hellip; Continuer la lecture de &laquo;&nbsp;Tester le service&nbsp;&raquo;\" \/>\n<meta property=\"og:url\" content=\"https:\/\/zebra3tel-voice.com\/?page_id=573\" \/>\n<meta property=\"og:site_name\" content=\"Zebra3.tel\" \/>\n<meta property=\"article:publisher\" content=\"https:\/\/www.facebook.com\/profile.php?id=100057233747951\" \/>\n<meta property=\"article:modified_time\" content=\"2025-10-14T07:48:09+00:00\" \/>\n<meta name=\"twitter:card\" content=\"summary_large_image\" \/>\n<meta name=\"twitter:label1\" content=\"Dur\u00e9e de lecture estim\u00e9e\" \/>\n\t<meta name=\"twitter:data1\" content=\"1 minute\" \/>\n<script type=\"application\/ld+json\" class=\"yoast-schema-graph\">{\"@context\":\"https:\\\/\\\/schema.org\",\"@graph\":[{\"@type\":\"WebPage\",\"@id\":\"https:\\\/\\\/zebra3tel-voice.com\\\/?page_id=573\",\"url\":\"https:\\\/\\\/zebra3tel-voice.com\\\/?page_id=573\",\"name\":\"Tester le service - Zebra3.tel\",\"isPartOf\":{\"@id\":\"https:\\\/\\\/zebra3tel-voice.com\\\/#website\"},\"datePublished\":\"2018-06-28T12:15:52+00:00\",\"dateModified\":\"2025-10-14T07:48:09+00:00\",\"breadcrumb\":{\"@id\":\"https:\\\/\\\/zebra3tel-voice.com\\\/?page_id=573#breadcrumb\"},\"inLanguage\":\"fr-FR\",\"potentialAction\":[{\"@type\":\"ReadAction\",\"target\":[\"https:\\\/\\\/zebra3tel-voice.com\\\/?page_id=573\"]}]},{\"@type\":\"BreadcrumbList\",\"@id\":\"https:\\\/\\\/zebra3tel-voice.com\\\/?page_id=573#breadcrumb\",\"itemListElement\":[{\"@type\":\"ListItem\",\"position\":1,\"name\":\"Accueil\",\"item\":\"https:\\\/\\\/zebra3tel-voice.com\\\/\"},{\"@type\":\"ListItem\",\"position\":2,\"name\":\"Tester le service\"}]},{\"@type\":\"WebSite\",\"@id\":\"https:\\\/\\\/zebra3tel-voice.com\\\/#website\",\"url\":\"https:\\\/\\\/zebra3tel-voice.com\\\/\",\"name\":\"Zebra3Tel\",\"description\":\"Communiquer diff\u00e9remment\",\"publisher\":{\"@id\":\"https:\\\/\\\/zebra3tel-voice.com\\\/#organization\"},\"potentialAction\":[{\"@type\":\"SearchAction\",\"target\":{\"@type\":\"EntryPoint\",\"urlTemplate\":\"https:\\\/\\\/zebra3tel-voice.com\\\/?s={search_term_string}\"},\"query-input\":{\"@type\":\"PropertyValueSpecification\",\"valueRequired\":true,\"valueName\":\"search_term_string\"}}],\"inLanguage\":\"fr-FR\"},{\"@type\":\"Organization\",\"@id\":\"https:\\\/\\\/zebra3tel-voice.com\\\/#organization\",\"name\":\"Zebra3Tel\",\"url\":\"https:\\\/\\\/zebra3tel-voice.com\\\/\",\"logo\":{\"@type\":\"ImageObject\",\"inLanguage\":\"fr-FR\",\"@id\":\"https:\\\/\\\/zebra3tel-voice.com\\\/#\\\/schema\\\/logo\\\/image\\\/\",\"url\":\"https:\\\/\\\/zebra3tel-voice.com\\\/wp-content\\\/uploads\\\/2024\\\/06\\\/cropped-cropped-LogoZebra3Tel_master3.jpg\",\"contentUrl\":\"https:\\\/\\\/zebra3tel-voice.com\\\/wp-content\\\/uploads\\\/2024\\\/06\\\/cropped-cropped-LogoZebra3Tel_master3.jpg\",\"width\":250,\"height\":250,\"caption\":\"Zebra3Tel\"},\"image\":{\"@id\":\"https:\\\/\\\/zebra3tel-voice.com\\\/#\\\/schema\\\/logo\\\/image\\\/\"},\"sameAs\":[\"https:\\\/\\\/www.facebook.com\\\/profile.php?id=100057233747951\"]}]}<\/script>\n<!-- \/ Yoast SEO plugin. -->","yoast_head_json":{"title":"Tester le service - Zebra3.tel","robots":{"index":"index","follow":"follow","max-snippet":"max-snippet:-1","max-image-preview":"max-image-preview:large","max-video-preview":"max-video-preview:-1"},"canonical":"https:\/\/zebra3tel-voice.com\/?page_id=573","og_locale":"fr_FR","og_type":"article","og_title":"Tester le service - Zebra3.tel","og_description":"Parce qu&rsquo;il est souvent difficile de prendre une d\u00e9cision, Zebra3Tel met \u00e0 votre disposition des extensions de test pour que vous puissiez \u00e9valuer une partie des services offerts. Restriction pendant la dur\u00e9e de l&rsquo;\u00e9valuation : dur\u00e9e de communication volontairement limit\u00e9e \u00e0 60 secondes, vos communications sont susceptibles d&rsquo;\u00eatre enregistr\u00e9es, m\u00e9morisation de votre adresse IP, les &hellip; Continuer la lecture de &laquo;&nbsp;Tester le service&nbsp;&raquo;","og_url":"https:\/\/zebra3tel-voice.com\/?page_id=573","og_site_name":"Zebra3.tel","article_publisher":"https:\/\/www.facebook.com\/profile.php?id=100057233747951","article_modified_time":"2025-10-14T07:48:09+00:00","twitter_card":"summary_large_image","twitter_misc":{"Dur\u00e9e de lecture estim\u00e9e":"1 minute"},"schema":{"@context":"https:\/\/schema.org","@graph":[{"@type":"WebPage","@id":"https:\/\/zebra3tel-voice.com\/?page_id=573","url":"https:\/\/zebra3tel-voice.com\/?page_id=573","name":"Tester le service - Zebra3.tel","isPartOf":{"@id":"https:\/\/zebra3tel-voice.com\/#website"},"datePublished":"2018-06-28T12:15:52+00:00","dateModified":"2025-10-14T07:48:09+00:00","breadcrumb":{"@id":"https:\/\/zebra3tel-voice.com\/?page_id=573#breadcrumb"},"inLanguage":"fr-FR","potentialAction":[{"@type":"ReadAction","target":["https:\/\/zebra3tel-voice.com\/?page_id=573"]}]},{"@type":"BreadcrumbList","@id":"https:\/\/zebra3tel-voice.com\/?page_id=573#breadcrumb","itemListElement":[{"@type":"ListItem","position":1,"name":"Accueil","item":"https:\/\/zebra3tel-voice.com\/"},{"@type":"ListItem","position":2,"name":"Tester le service"}]},{"@type":"WebSite","@id":"https:\/\/zebra3tel-voice.com\/#website","url":"https:\/\/zebra3tel-voice.com\/","name":"Zebra3Tel","description":"Communiquer diff\u00e9remment","publisher":{"@id":"https:\/\/zebra3tel-voice.com\/#organization"},"potentialAction":[{"@type":"SearchAction","target":{"@type":"EntryPoint","urlTemplate":"https:\/\/zebra3tel-voice.com\/?s={search_term_string}"},"query-input":{"@type":"PropertyValueSpecification","valueRequired":true,"valueName":"search_term_string"}}],"inLanguage":"fr-FR"},{"@type":"Organization","@id":"https:\/\/zebra3tel-voice.com\/#organization","name":"Zebra3Tel","url":"https:\/\/zebra3tel-voice.com\/","logo":{"@type":"ImageObject","inLanguage":"fr-FR","@id":"https:\/\/zebra3tel-voice.com\/#\/schema\/logo\/image\/","url":"https:\/\/zebra3tel-voice.com\/wp-content\/uploads\/2024\/06\/cropped-cropped-LogoZebra3Tel_master3.jpg","contentUrl":"https:\/\/zebra3tel-voice.com\/wp-content\/uploads\/2024\/06\/cropped-cropped-LogoZebra3Tel_master3.jpg","width":250,"height":250,"caption":"Zebra3Tel"},"image":{"@id":"https:\/\/zebra3tel-voice.com\/#\/schema\/logo\/image\/"},"sameAs":["https:\/\/www.facebook.com\/profile.php?id=100057233747951"]}]}},"_links":{"self":[{"href":"https:\/\/zebra3tel-voice.com\/index.php?rest_route=\/wp\/v2\/pages\/573","targetHints":{"allow":["GET"]}}],"collection":[{"href":"https:\/\/zebra3tel-voice.com\/index.php?rest_route=\/wp\/v2\/pages"}],"about":[{"href":"https:\/\/zebra3tel-voice.com\/index.php?rest_route=\/wp\/v2\/types\/page"}],"author":[{"embeddable":true,"href":"https:\/\/zebra3tel-voice.com\/index.php?rest_route=\/wp\/v2\/users\/1"}],"replies":[{"embeddable":true,"href":"https:\/\/zebra3tel-voice.com\/index.php?rest_route=%2Fwp%2Fv2%2Fcomments&post=573"}],"version-history":[{"count":61,"href":"https:\/\/zebra3tel-voice.com\/index.php?rest_route=\/wp\/v2\/pages\/573\/revisions"}],"predecessor-version":[{"id":1113,"href":"https:\/\/zebra3tel-voice.com\/index.php?rest_route=\/wp\/v2\/pages\/573\/revisions\/1113"}],"wp:attachment":[{"href":"https:\/\/zebra3tel-voice.com\/index.php?rest_route=%2Fwp%2Fv2%2Fmedia&parent=573"}],"curies":[{"name":"wp","href":"https:\/\/api.w.org\/{rel}","templated":true}]}}