{"id":513,"date":"2018-03-07T17:20:51","date_gmt":"2018-03-07T16:20:51","guid":{"rendered":"http:\/\/zebra3tel.com\/wordpress\/?page_id=513"},"modified":"2025-12-21T00:17:13","modified_gmt":"2025-12-20T23:17:13","slug":"une-offre-flexible-toujours-adaptee-au-besoin-de-lutilisateur","status":"publish","type":"page","link":"https:\/\/zebra3tel-voice.com\/?page_id=513","title":{"rendered":"Profils"},"content":{"rendered":"<p>L&rsquo;offre de service propos\u00e9e par <span style=\"color: #008000;\"><strong>Zebra3Tel<\/strong> <\/span>est d\u00e9crite dans le document ci-dessous. 7 profils standards sont pr\u00e9-d\u00e9finis. Il est possible d&rsquo;enrichir le contenu d&rsquo;un certain nombre afin de r\u00e9pondre aux demandes sp\u00e9cifiques.<\/p>\n<p>Au del\u00e0 de services standards, <span style=\"color: #008000;\"><strong>Zebra3Tel<\/strong> <\/span>a pour objectif de s&rsquo;adapter aux souhaits de ses usagers les plus exigeants.<\/p>\n<ul>\n<li style=\"list-style-type: none;\">\n<ul>\n<li>Offre standard : SIP\/UDP sans chiffrement, convient \u00e0 la plupart des utilisateurs<\/li>\n<li>Offre s\u00e9curis\u00e9e : SIPS ou SIP\/TLS avec ou sans chiffrement du media SRTP pour plus de confidentialit\u00e9<\/li>\n<li>Offre haute disponibilit\u00e9 : si votre client le permet, utilisation de l&rsquo;enregistrement DNS de type SRV pour r\u00e9cup\u00e9rer la liste compl\u00e8te des serveurs SIP <span style=\"color: #008000;\"><strong>Zebra3Tel<\/strong><\/span><\/li>\n<\/ul>\n<\/li>\n<\/ul>\n<p>Il est possible de panacher ces 3 offres puis les appliquer aux profils d\u00e9crits ci-dessous.<\/p>\n<p><a href=\"https:\/\/zebra3tel-voice.com\/wp-content\/uploads\/2024\/06\/Profils_services_Z3Tel-v2.pdf\">Profils de services<\/a><\/p>\n","protected":false},"excerpt":{"rendered":"<p>L&rsquo;offre de service propos\u00e9e par Zebra3Tel est d\u00e9crite dans le document ci-dessous. 7 profils standards sont pr\u00e9-d\u00e9finis. Il est possible d&rsquo;enrichir le contenu d&rsquo;un certain nombre afin de r\u00e9pondre aux demandes sp\u00e9cifiques. Au del\u00e0 de services standards, Zebra3Tel a pour objectif de s&rsquo;adapter aux souhaits de ses usagers les plus exigeants. Offre standard : SIP\/UDP &hellip; <\/p>\n<p class=\"link-more\"><a href=\"https:\/\/zebra3tel-voice.com\/?page_id=513\" class=\"more-link\">Continuer la lecture<span class=\"screen-reader-text\"> de &laquo;&nbsp;Profils&nbsp;&raquo;<\/span><\/a><\/p>\n","protected":false},"author":1,"featured_media":0,"parent":0,"menu_order":0,"comment_status":"closed","ping_status":"closed","template":"","meta":{"footnotes":""},"class_list":["post-513","page","type-page","status-publish","hentry"],"yoast_head":"<!-- This site is optimized with the Yoast SEO plugin v27.4 - https:\/\/yoast.com\/product\/yoast-seo-wordpress\/ -->\n<title>Profils - Zebra3.tel<\/title>\n<meta name=\"description\" content=\"Offre standard, s\u00e9curis\u00e9e (chiffrage SIP et media) ou haute disponibilit\u00e9 (serveurs SIP Zebra3Tel redondants)\" \/>\n<meta name=\"robots\" content=\"index, follow, max-snippet:-1, max-image-preview:large, max-video-preview:-1\" \/>\n<link rel=\"canonical\" href=\"https:\/\/zebra3tel-voice.com\/?page_id=513\" \/>\n<meta property=\"og:locale\" content=\"fr_FR\" \/>\n<meta property=\"og:type\" content=\"article\" \/>\n<meta property=\"og:title\" content=\"Profils - Zebra3.tel\" \/>\n<meta property=\"og:description\" content=\"Offre standard, s\u00e9curis\u00e9e (chiffrage SIP et media) ou haute disponibilit\u00e9 (serveurs SIP Zebra3Tel redondants)\" \/>\n<meta property=\"og:url\" content=\"https:\/\/zebra3tel-voice.com\/?page_id=513\" \/>\n<meta property=\"og:site_name\" content=\"Zebra3.tel\" \/>\n<meta property=\"article:publisher\" content=\"https:\/\/www.facebook.com\/profile.php?id=100057233747951\" \/>\n<meta property=\"article:modified_time\" content=\"2025-12-20T23:17:13+00:00\" \/>\n<meta name=\"twitter:card\" content=\"summary_large_image\" \/>\n<meta name=\"twitter:label1\" content=\"Dur\u00e9e de lecture estim\u00e9e\" \/>\n\t<meta name=\"twitter:data1\" content=\"1 minute\" \/>\n<script type=\"application\/ld+json\" class=\"yoast-schema-graph\">{\"@context\":\"https:\\\/\\\/schema.org\",\"@graph\":[{\"@type\":\"WebPage\",\"@id\":\"https:\\\/\\\/zebra3tel-voice.com\\\/?page_id=513\",\"url\":\"https:\\\/\\\/zebra3tel-voice.com\\\/?page_id=513\",\"name\":\"Profils - Zebra3.tel\",\"isPartOf\":{\"@id\":\"https:\\\/\\\/zebra3tel-voice.com\\\/#website\"},\"datePublished\":\"2018-03-07T16:20:51+00:00\",\"dateModified\":\"2025-12-20T23:17:13+00:00\",\"description\":\"Offre standard, s\u00e9curis\u00e9e (chiffrage SIP et media) ou haute disponibilit\u00e9 (serveurs SIP Zebra3Tel redondants)\",\"breadcrumb\":{\"@id\":\"https:\\\/\\\/zebra3tel-voice.com\\\/?page_id=513#breadcrumb\"},\"inLanguage\":\"fr-FR\",\"potentialAction\":[{\"@type\":\"ReadAction\",\"target\":[\"https:\\\/\\\/zebra3tel-voice.com\\\/?page_id=513\"]}]},{\"@type\":\"BreadcrumbList\",\"@id\":\"https:\\\/\\\/zebra3tel-voice.com\\\/?page_id=513#breadcrumb\",\"itemListElement\":[{\"@type\":\"ListItem\",\"position\":1,\"name\":\"Accueil\",\"item\":\"https:\\\/\\\/zebra3tel-voice.com\\\/\"},{\"@type\":\"ListItem\",\"position\":2,\"name\":\"Profils\"}]},{\"@type\":\"WebSite\",\"@id\":\"https:\\\/\\\/zebra3tel-voice.com\\\/#website\",\"url\":\"https:\\\/\\\/zebra3tel-voice.com\\\/\",\"name\":\"Zebra3Tel\",\"description\":\"Communiquer diff\u00e9remment\",\"publisher\":{\"@id\":\"https:\\\/\\\/zebra3tel-voice.com\\\/#organization\"},\"potentialAction\":[{\"@type\":\"SearchAction\",\"target\":{\"@type\":\"EntryPoint\",\"urlTemplate\":\"https:\\\/\\\/zebra3tel-voice.com\\\/?s={search_term_string}\"},\"query-input\":{\"@type\":\"PropertyValueSpecification\",\"valueRequired\":true,\"valueName\":\"search_term_string\"}}],\"inLanguage\":\"fr-FR\"},{\"@type\":\"Organization\",\"@id\":\"https:\\\/\\\/zebra3tel-voice.com\\\/#organization\",\"name\":\"Zebra3Tel\",\"url\":\"https:\\\/\\\/zebra3tel-voice.com\\\/\",\"logo\":{\"@type\":\"ImageObject\",\"inLanguage\":\"fr-FR\",\"@id\":\"https:\\\/\\\/zebra3tel-voice.com\\\/#\\\/schema\\\/logo\\\/image\\\/\",\"url\":\"https:\\\/\\\/zebra3tel-voice.com\\\/wp-content\\\/uploads\\\/2024\\\/06\\\/cropped-cropped-LogoZebra3Tel_master3.jpg\",\"contentUrl\":\"https:\\\/\\\/zebra3tel-voice.com\\\/wp-content\\\/uploads\\\/2024\\\/06\\\/cropped-cropped-LogoZebra3Tel_master3.jpg\",\"width\":250,\"height\":250,\"caption\":\"Zebra3Tel\"},\"image\":{\"@id\":\"https:\\\/\\\/zebra3tel-voice.com\\\/#\\\/schema\\\/logo\\\/image\\\/\"},\"sameAs\":[\"https:\\\/\\\/www.facebook.com\\\/profile.php?id=100057233747951\"]}]}<\/script>\n<!-- \/ Yoast SEO plugin. -->","yoast_head_json":{"title":"Profils - Zebra3.tel","description":"Offre standard, s\u00e9curis\u00e9e (chiffrage SIP et media) ou haute disponibilit\u00e9 (serveurs SIP Zebra3Tel redondants)","robots":{"index":"index","follow":"follow","max-snippet":"max-snippet:-1","max-image-preview":"max-image-preview:large","max-video-preview":"max-video-preview:-1"},"canonical":"https:\/\/zebra3tel-voice.com\/?page_id=513","og_locale":"fr_FR","og_type":"article","og_title":"Profils - Zebra3.tel","og_description":"Offre standard, s\u00e9curis\u00e9e (chiffrage SIP et media) ou haute disponibilit\u00e9 (serveurs SIP Zebra3Tel redondants)","og_url":"https:\/\/zebra3tel-voice.com\/?page_id=513","og_site_name":"Zebra3.tel","article_publisher":"https:\/\/www.facebook.com\/profile.php?id=100057233747951","article_modified_time":"2025-12-20T23:17:13+00:00","twitter_card":"summary_large_image","twitter_misc":{"Dur\u00e9e de lecture estim\u00e9e":"1 minute"},"schema":{"@context":"https:\/\/schema.org","@graph":[{"@type":"WebPage","@id":"https:\/\/zebra3tel-voice.com\/?page_id=513","url":"https:\/\/zebra3tel-voice.com\/?page_id=513","name":"Profils - Zebra3.tel","isPartOf":{"@id":"https:\/\/zebra3tel-voice.com\/#website"},"datePublished":"2018-03-07T16:20:51+00:00","dateModified":"2025-12-20T23:17:13+00:00","description":"Offre standard, s\u00e9curis\u00e9e (chiffrage SIP et media) ou haute disponibilit\u00e9 (serveurs SIP Zebra3Tel redondants)","breadcrumb":{"@id":"https:\/\/zebra3tel-voice.com\/?page_id=513#breadcrumb"},"inLanguage":"fr-FR","potentialAction":[{"@type":"ReadAction","target":["https:\/\/zebra3tel-voice.com\/?page_id=513"]}]},{"@type":"BreadcrumbList","@id":"https:\/\/zebra3tel-voice.com\/?page_id=513#breadcrumb","itemListElement":[{"@type":"ListItem","position":1,"name":"Accueil","item":"https:\/\/zebra3tel-voice.com\/"},{"@type":"ListItem","position":2,"name":"Profils"}]},{"@type":"WebSite","@id":"https:\/\/zebra3tel-voice.com\/#website","url":"https:\/\/zebra3tel-voice.com\/","name":"Zebra3Tel","description":"Communiquer diff\u00e9remment","publisher":{"@id":"https:\/\/zebra3tel-voice.com\/#organization"},"potentialAction":[{"@type":"SearchAction","target":{"@type":"EntryPoint","urlTemplate":"https:\/\/zebra3tel-voice.com\/?s={search_term_string}"},"query-input":{"@type":"PropertyValueSpecification","valueRequired":true,"valueName":"search_term_string"}}],"inLanguage":"fr-FR"},{"@type":"Organization","@id":"https:\/\/zebra3tel-voice.com\/#organization","name":"Zebra3Tel","url":"https:\/\/zebra3tel-voice.com\/","logo":{"@type":"ImageObject","inLanguage":"fr-FR","@id":"https:\/\/zebra3tel-voice.com\/#\/schema\/logo\/image\/","url":"https:\/\/zebra3tel-voice.com\/wp-content\/uploads\/2024\/06\/cropped-cropped-LogoZebra3Tel_master3.jpg","contentUrl":"https:\/\/zebra3tel-voice.com\/wp-content\/uploads\/2024\/06\/cropped-cropped-LogoZebra3Tel_master3.jpg","width":250,"height":250,"caption":"Zebra3Tel"},"image":{"@id":"https:\/\/zebra3tel-voice.com\/#\/schema\/logo\/image\/"},"sameAs":["https:\/\/www.facebook.com\/profile.php?id=100057233747951"]}]}},"_links":{"self":[{"href":"https:\/\/zebra3tel-voice.com\/index.php?rest_route=\/wp\/v2\/pages\/513","targetHints":{"allow":["GET"]}}],"collection":[{"href":"https:\/\/zebra3tel-voice.com\/index.php?rest_route=\/wp\/v2\/pages"}],"about":[{"href":"https:\/\/zebra3tel-voice.com\/index.php?rest_route=\/wp\/v2\/types\/page"}],"author":[{"embeddable":true,"href":"https:\/\/zebra3tel-voice.com\/index.php?rest_route=\/wp\/v2\/users\/1"}],"replies":[{"embeddable":true,"href":"https:\/\/zebra3tel-voice.com\/index.php?rest_route=%2Fwp%2Fv2%2Fcomments&post=513"}],"version-history":[{"count":5,"href":"https:\/\/zebra3tel-voice.com\/index.php?rest_route=\/wp\/v2\/pages\/513\/revisions"}],"predecessor-version":[{"id":1144,"href":"https:\/\/zebra3tel-voice.com\/index.php?rest_route=\/wp\/v2\/pages\/513\/revisions\/1144"}],"wp:attachment":[{"href":"https:\/\/zebra3tel-voice.com\/index.php?rest_route=%2Fwp%2Fv2%2Fmedia&parent=513"}],"curies":[{"name":"wp","href":"https:\/\/api.w.org\/{rel}","templated":true}]}}