{"id":503,"date":"2018-03-07T17:06:57","date_gmt":"2018-03-07T16:06:57","guid":{"rendered":"http:\/\/zebra3tel.com\/wordpress\/?page_id=503"},"modified":"2024-10-02T15:37:52","modified_gmt":"2024-10-02T13:37:52","slug":"applications-sip","status":"publish","type":"page","link":"https:\/\/zebra3tel-voice.com\/?page_id=503","title":{"rendered":"Applications SIP"},"content":{"rendered":"<p><a href=\"https:\/\/zebra3tel-voice.com\/wp-content\/uploads\/2024\/10\/Procedure_config_Linphone-v1.pdf\" target=\"_blank\" rel=\"noopener\">T\u00e9l\u00e9charger le guide de configuration de l&rsquo;application Android Linphone<\/a><\/p>\n<p><span style=\"color: #008000;\"><strong>Zebra3Tel<\/strong><\/span> pr\u00e9f\u00e8re Linphone qui propose une application \u00ab\u00a0non brid\u00e9e et plus ouverte\u00a0\u00bb que ses concurrents. Elle est un peu plus difficile \u00e0 configurer mais elle permet de cr\u00e9er plusieurs comptes SIP en parall\u00e8le tout en b\u00e9n\u00e9ficiant d&rsquo;une impl\u00e9mentation SIP bien plus conforme au standard RFC 3261 que ses rivaux.<\/p>\n","protected":false},"excerpt":{"rendered":"<p>T\u00e9l\u00e9charger le guide de configuration de l&rsquo;application Android Linphone Zebra3Tel pr\u00e9f\u00e8re Linphone qui propose une application \u00ab\u00a0non brid\u00e9e et plus ouverte\u00a0\u00bb que ses concurrents. Elle est un peu plus difficile \u00e0 configurer mais elle permet de cr\u00e9er plusieurs comptes SIP en parall\u00e8le tout en b\u00e9n\u00e9ficiant d&rsquo;une impl\u00e9mentation SIP bien plus conforme au standard RFC 3261 &hellip; <\/p>\n<p class=\"link-more\"><a href=\"https:\/\/zebra3tel-voice.com\/?page_id=503\" class=\"more-link\">Continuer la lecture<span class=\"screen-reader-text\"> de &laquo;&nbsp;Applications SIP&nbsp;&raquo;<\/span><\/a><\/p>\n","protected":false},"author":1,"featured_media":0,"parent":0,"menu_order":0,"comment_status":"closed","ping_status":"closed","template":"","meta":{"footnotes":""},"class_list":["post-503","page","type-page","status-publish","hentry"],"yoast_head":"<!-- This site is optimized with the Yoast SEO plugin v27.4 - https:\/\/yoast.com\/product\/yoast-seo-wordpress\/ -->\n<title>Applications SIP - Zebra3.tel<\/title>\n<meta name=\"robots\" content=\"index, follow, max-snippet:-1, max-image-preview:large, max-video-preview:-1\" \/>\n<link rel=\"canonical\" href=\"https:\/\/zebra3tel-voice.com\/?page_id=503\" \/>\n<meta property=\"og:locale\" content=\"fr_FR\" \/>\n<meta property=\"og:type\" content=\"article\" \/>\n<meta property=\"og:title\" content=\"Applications SIP - Zebra3.tel\" \/>\n<meta property=\"og:description\" content=\"T\u00e9l\u00e9charger le guide de configuration de l&rsquo;application Android Linphone Zebra3Tel pr\u00e9f\u00e8re Linphone qui propose une application \u00ab\u00a0non brid\u00e9e et plus ouverte\u00a0\u00bb que ses concurrents. Elle est un peu plus difficile \u00e0 configurer mais elle permet de cr\u00e9er plusieurs comptes SIP en parall\u00e8le tout en b\u00e9n\u00e9ficiant d&rsquo;une impl\u00e9mentation SIP bien plus conforme au standard RFC 3261 &hellip; Continuer la lecture de &laquo;&nbsp;Applications SIP&nbsp;&raquo;\" \/>\n<meta property=\"og:url\" content=\"https:\/\/zebra3tel-voice.com\/?page_id=503\" \/>\n<meta property=\"og:site_name\" content=\"Zebra3.tel\" \/>\n<meta property=\"article:publisher\" content=\"https:\/\/www.facebook.com\/profile.php?id=100057233747951\" \/>\n<meta property=\"article:modified_time\" content=\"2024-10-02T13:37:52+00:00\" \/>\n<meta name=\"twitter:card\" content=\"summary_large_image\" \/>\n<meta name=\"twitter:label1\" content=\"Dur\u00e9e de lecture estim\u00e9e\" \/>\n\t<meta name=\"twitter:data1\" content=\"1 minute\" \/>\n<script type=\"application\/ld+json\" class=\"yoast-schema-graph\">{\"@context\":\"https:\\\/\\\/schema.org\",\"@graph\":[{\"@type\":\"WebPage\",\"@id\":\"https:\\\/\\\/zebra3tel-voice.com\\\/?page_id=503\",\"url\":\"https:\\\/\\\/zebra3tel-voice.com\\\/?page_id=503\",\"name\":\"Applications SIP - Zebra3.tel\",\"isPartOf\":{\"@id\":\"https:\\\/\\\/zebra3tel-voice.com\\\/#website\"},\"datePublished\":\"2018-03-07T16:06:57+00:00\",\"dateModified\":\"2024-10-02T13:37:52+00:00\",\"breadcrumb\":{\"@id\":\"https:\\\/\\\/zebra3tel-voice.com\\\/?page_id=503#breadcrumb\"},\"inLanguage\":\"fr-FR\",\"potentialAction\":[{\"@type\":\"ReadAction\",\"target\":[\"https:\\\/\\\/zebra3tel-voice.com\\\/?page_id=503\"]}]},{\"@type\":\"BreadcrumbList\",\"@id\":\"https:\\\/\\\/zebra3tel-voice.com\\\/?page_id=503#breadcrumb\",\"itemListElement\":[{\"@type\":\"ListItem\",\"position\":1,\"name\":\"Accueil\",\"item\":\"https:\\\/\\\/zebra3tel-voice.com\\\/\"},{\"@type\":\"ListItem\",\"position\":2,\"name\":\"Applications SIP\"}]},{\"@type\":\"WebSite\",\"@id\":\"https:\\\/\\\/zebra3tel-voice.com\\\/#website\",\"url\":\"https:\\\/\\\/zebra3tel-voice.com\\\/\",\"name\":\"Zebra3Tel\",\"description\":\"Communiquer diff\u00e9remment\",\"publisher\":{\"@id\":\"https:\\\/\\\/zebra3tel-voice.com\\\/#organization\"},\"potentialAction\":[{\"@type\":\"SearchAction\",\"target\":{\"@type\":\"EntryPoint\",\"urlTemplate\":\"https:\\\/\\\/zebra3tel-voice.com\\\/?s={search_term_string}\"},\"query-input\":{\"@type\":\"PropertyValueSpecification\",\"valueRequired\":true,\"valueName\":\"search_term_string\"}}],\"inLanguage\":\"fr-FR\"},{\"@type\":\"Organization\",\"@id\":\"https:\\\/\\\/zebra3tel-voice.com\\\/#organization\",\"name\":\"Zebra3Tel\",\"url\":\"https:\\\/\\\/zebra3tel-voice.com\\\/\",\"logo\":{\"@type\":\"ImageObject\",\"inLanguage\":\"fr-FR\",\"@id\":\"https:\\\/\\\/zebra3tel-voice.com\\\/#\\\/schema\\\/logo\\\/image\\\/\",\"url\":\"https:\\\/\\\/zebra3tel-voice.com\\\/wp-content\\\/uploads\\\/2024\\\/06\\\/cropped-cropped-LogoZebra3Tel_master3.jpg\",\"contentUrl\":\"https:\\\/\\\/zebra3tel-voice.com\\\/wp-content\\\/uploads\\\/2024\\\/06\\\/cropped-cropped-LogoZebra3Tel_master3.jpg\",\"width\":250,\"height\":250,\"caption\":\"Zebra3Tel\"},\"image\":{\"@id\":\"https:\\\/\\\/zebra3tel-voice.com\\\/#\\\/schema\\\/logo\\\/image\\\/\"},\"sameAs\":[\"https:\\\/\\\/www.facebook.com\\\/profile.php?id=100057233747951\"]}]}<\/script>\n<!-- \/ Yoast SEO plugin. -->","yoast_head_json":{"title":"Applications SIP - Zebra3.tel","robots":{"index":"index","follow":"follow","max-snippet":"max-snippet:-1","max-image-preview":"max-image-preview:large","max-video-preview":"max-video-preview:-1"},"canonical":"https:\/\/zebra3tel-voice.com\/?page_id=503","og_locale":"fr_FR","og_type":"article","og_title":"Applications SIP - Zebra3.tel","og_description":"T\u00e9l\u00e9charger le guide de configuration de l&rsquo;application Android Linphone Zebra3Tel pr\u00e9f\u00e8re Linphone qui propose une application \u00ab\u00a0non brid\u00e9e et plus ouverte\u00a0\u00bb que ses concurrents. Elle est un peu plus difficile \u00e0 configurer mais elle permet de cr\u00e9er plusieurs comptes SIP en parall\u00e8le tout en b\u00e9n\u00e9ficiant d&rsquo;une impl\u00e9mentation SIP bien plus conforme au standard RFC 3261 &hellip; Continuer la lecture de &laquo;&nbsp;Applications SIP&nbsp;&raquo;","og_url":"https:\/\/zebra3tel-voice.com\/?page_id=503","og_site_name":"Zebra3.tel","article_publisher":"https:\/\/www.facebook.com\/profile.php?id=100057233747951","article_modified_time":"2024-10-02T13:37:52+00:00","twitter_card":"summary_large_image","twitter_misc":{"Dur\u00e9e de lecture estim\u00e9e":"1 minute"},"schema":{"@context":"https:\/\/schema.org","@graph":[{"@type":"WebPage","@id":"https:\/\/zebra3tel-voice.com\/?page_id=503","url":"https:\/\/zebra3tel-voice.com\/?page_id=503","name":"Applications SIP - Zebra3.tel","isPartOf":{"@id":"https:\/\/zebra3tel-voice.com\/#website"},"datePublished":"2018-03-07T16:06:57+00:00","dateModified":"2024-10-02T13:37:52+00:00","breadcrumb":{"@id":"https:\/\/zebra3tel-voice.com\/?page_id=503#breadcrumb"},"inLanguage":"fr-FR","potentialAction":[{"@type":"ReadAction","target":["https:\/\/zebra3tel-voice.com\/?page_id=503"]}]},{"@type":"BreadcrumbList","@id":"https:\/\/zebra3tel-voice.com\/?page_id=503#breadcrumb","itemListElement":[{"@type":"ListItem","position":1,"name":"Accueil","item":"https:\/\/zebra3tel-voice.com\/"},{"@type":"ListItem","position":2,"name":"Applications SIP"}]},{"@type":"WebSite","@id":"https:\/\/zebra3tel-voice.com\/#website","url":"https:\/\/zebra3tel-voice.com\/","name":"Zebra3Tel","description":"Communiquer diff\u00e9remment","publisher":{"@id":"https:\/\/zebra3tel-voice.com\/#organization"},"potentialAction":[{"@type":"SearchAction","target":{"@type":"EntryPoint","urlTemplate":"https:\/\/zebra3tel-voice.com\/?s={search_term_string}"},"query-input":{"@type":"PropertyValueSpecification","valueRequired":true,"valueName":"search_term_string"}}],"inLanguage":"fr-FR"},{"@type":"Organization","@id":"https:\/\/zebra3tel-voice.com\/#organization","name":"Zebra3Tel","url":"https:\/\/zebra3tel-voice.com\/","logo":{"@type":"ImageObject","inLanguage":"fr-FR","@id":"https:\/\/zebra3tel-voice.com\/#\/schema\/logo\/image\/","url":"https:\/\/zebra3tel-voice.com\/wp-content\/uploads\/2024\/06\/cropped-cropped-LogoZebra3Tel_master3.jpg","contentUrl":"https:\/\/zebra3tel-voice.com\/wp-content\/uploads\/2024\/06\/cropped-cropped-LogoZebra3Tel_master3.jpg","width":250,"height":250,"caption":"Zebra3Tel"},"image":{"@id":"https:\/\/zebra3tel-voice.com\/#\/schema\/logo\/image\/"},"sameAs":["https:\/\/www.facebook.com\/profile.php?id=100057233747951"]}]}},"_links":{"self":[{"href":"https:\/\/zebra3tel-voice.com\/index.php?rest_route=\/wp\/v2\/pages\/503","targetHints":{"allow":["GET"]}}],"collection":[{"href":"https:\/\/zebra3tel-voice.com\/index.php?rest_route=\/wp\/v2\/pages"}],"about":[{"href":"https:\/\/zebra3tel-voice.com\/index.php?rest_route=\/wp\/v2\/types\/page"}],"author":[{"embeddable":true,"href":"https:\/\/zebra3tel-voice.com\/index.php?rest_route=\/wp\/v2\/users\/1"}],"replies":[{"embeddable":true,"href":"https:\/\/zebra3tel-voice.com\/index.php?rest_route=%2Fwp%2Fv2%2Fcomments&post=503"}],"version-history":[{"count":6,"href":"https:\/\/zebra3tel-voice.com\/index.php?rest_route=\/wp\/v2\/pages\/503\/revisions"}],"predecessor-version":[{"id":1020,"href":"https:\/\/zebra3tel-voice.com\/index.php?rest_route=\/wp\/v2\/pages\/503\/revisions\/1020"}],"wp:attachment":[{"href":"https:\/\/zebra3tel-voice.com\/index.php?rest_route=%2Fwp%2Fv2%2Fmedia&parent=503"}],"curies":[{"name":"wp","href":"https:\/\/api.w.org\/{rel}","templated":true}]}}