{"id":279,"date":"2017-05-11T15:13:12","date_gmt":"2017-05-11T13:13:12","guid":{"rendered":"http:\/\/zebra3.hopto.org\/?page_id=279"},"modified":"2025-08-22T14:12:00","modified_gmt":"2025-08-22T12:12:00","slug":"offre-de-telephonie-enrichie-proposee-par-zebra3tel","status":"publish","type":"page","link":"https:\/\/zebra3tel-voice.com\/?page_id=279","title":{"rendered":"Offre"},"content":{"rendered":"<hr \/>\n<p>Offre de t\u00e9l\u00e9phonie enrichie propos\u00e9e par <span style=\"color: #008000;\"><strong>Zebra3Tel<\/strong> <\/span>&#8211; Allocation du num\u00e9ro de t\u00e9l\u00e9phone :<\/p>\n<ol>\n<li><strong>Num\u00e9ro de t\u00e9l\u00e9phone public :<\/strong><br \/>\n<span style=\"color: #008000;\"><strong>Zebra3Tel<\/strong> <\/span>peut vous attribuer un num\u00e9ro public partag\u00e9 ou individuel pour que vos correspondants externes puissent vous joindre de fa\u00e7on \u00ab\u00a0traditionnelle\u00a0\u00bb. Vous pouvez aussi b\u00e9n\u00e9ficier de tous les services propos\u00e9s par <strong><span style=\"color: #008000;\">Zebra3Tel<\/span> <\/strong>tout en conservant le num\u00e9ro attribu\u00e9 par votre op\u00e9rateur telecom. Dans ce cas vos correspondants continuent de vous joindre comme d&rsquo;habitude et vous disposez simultan\u00e9ment de l&rsquo;offre de base de votre op\u00e9rateur telecom et de l&rsquo;offre de t\u00e9l\u00e9phonie enrichie <span style=\"color: #008000;\"><strong>Zebra3Tel<\/strong><\/span>.<br \/>\nEn associant un menu interactif \u00e0 votre num\u00e9ro &#8211; qu&rsquo;il soit attribu\u00e9 par <span style=\"color: #008000;\"><strong>Zebra3Tel<\/strong> <\/span>ou votre op\u00e9rateur, vous mettez \u00e0 disposition de vos correspondants un accueil personnalis\u00e9 d\u00e9fini par vous-m\u00eame,<\/li>\n<li><strong>Itin\u00e9rance :<br \/>\n<\/strong>Vous appelez et recevez vos appels d&rsquo;o\u00f9 que vous soyez dans le monde sans co\u00fbt suppl\u00e9mentaire. Voyagez \u00e0 l&rsquo;autre bout du monde en communiquant librement sans vous pr\u00e9occuper de la facture &#8230; comme vous le feriez si vous \u00e9tiez \u00e0 domicile !<\/li>\n<\/ol>\n<hr \/>\n<p>Offre de t\u00e9l\u00e9phonie enrichie<span style=\"color: #008000;\"><strong> Zebra3Tel<\/strong> <\/span>&#8211; options gratuites propos\u00e9es :<\/p>\n<ol>\n<li><strong>Conf\u00e9rence t\u00e9l\u00e9phonique :<\/strong><br \/>\nUn num\u00e9ro de pont t\u00e9l\u00e9conf\u00e9rence partag\u00e9 ou individuel peut \u00eatre attribu\u00e9 \u00e0 chaque utilisateur,<\/li>\n<li><strong>Messagerie vocale :<\/strong><br \/>\nUne boite vocale personnalisable et consultable \u00e0 distance est attribu\u00e9e \u00e0 chaque utilisateur. Le message vocal peut aussi \u00eatre envoy\u00e9 \u00e0 l&rsquo;adresse email de l&rsquo;appel\u00e9 sous forme de pi\u00e8ce jointe au format .wav,<\/li>\n<li><strong>Groupement d&rsquo;appels :<\/strong><br \/>\nL&rsquo;appel d&rsquo;un num\u00e9ro peut faire sonner plusieurs postes simultan\u00e9ment ou s\u00e9quentiellement. Les terminaux membres du groupement peuvent \u00eatre g\u00e9ographiquement dispers\u00e9s,<\/li>\n<li><strong>Mise en attente :<\/strong><br \/>\nUne musique d&rsquo;attente personnalis\u00e9e est propos\u00e9e \u00e0 l&rsquo;appelant pendant toute la dur\u00e9e de la mise en attente,<\/li>\n<li><strong>Conversation \u00e0 plusieurs :<\/strong><br \/>\nPossibilit\u00e9 de converser \u00e0 plusieurs,<\/li>\n<li><strong><strong>Transfert d\u2019appel :<br \/>\n<\/strong><\/strong>Transf\u00e9rez vos appels en cours vers n&rsquo;importe quel num\u00e9ro interne ou externe,<\/li>\n<li><strong>Renvoi d\u2019appel :<br \/>\n<\/strong> Vos appels peuvent \u00eatre temporairement ou d\u00e9finitivement redirig\u00e9s selon certaines conditions vers le ou les num\u00e9ros de votre choix,<\/li>\n<li><strong>Ne Pas D\u00e9ranger (Do Not Disturb) :<br \/>\n<\/strong>Vos appels sont instantan\u00e9ment redirig\u00e9s vers votre messagerie vocale,<\/li>\n<li><strong>Messagerie instantan\u00e9e :<\/strong><br \/>\nVous pouvez \u00e9changer des messages instantan\u00e9s au sein de votre communaut\u00e9 entre terminaux compatibles. Le simple fait de souscrire au service <span style=\"color: #008000;\"><strong>Zebra3Tel<\/strong> <\/span>active cette fonctionnalit\u00e9. Remplace avantageusement les SMS, notamment en situation d&rsquo;itin\u00e9rance,<\/li>\n<li><strong>Pr\u00e9sence :<\/strong><br \/>\nVous pouvez connaitre le status (connect\u00e9, d\u00e9connect\u00e9, occup\u00e9, Ne pas D\u00e9ranger, &#8230;) des autres membres de votre communaut\u00e9 et diffuser le votre \u00e0 votre guise. Cette fonctionnalit\u00e9 d\u00e9pend du type d&rsquo;application utilis\u00e9e sur votre smartphone, tablette ou PC,<\/li>\n<li><strong>Annuaire personnalis\u00e9 :<\/strong><br \/>\nInt\u00e9gration des contacts priv\u00e9s <span style=\"color: #008000;\"><strong>Zebra3Tel<\/strong> <\/span>dans l&rsquo;annuaire de votre smartphone. Vous continuez \u00e0 num\u00e9roter directement \u00e0 partir de votre annuaire unifi\u00e9 pour acc\u00e9der aux service <span style=\"color: #008000;\"><strong>Zebra3Tel<\/strong><span style=\"color: #000000;\">,<\/span><\/span><\/li>\n<li><strong>Fax :<\/strong><br \/>\n\u00c9mission et r\u00e9ception de fax \u00e0 partir de votre terminal avec fonctionnalit\u00e9 de conversion fax \/ email. Bien d&rsquo;autre fonctionnalit\u00e9s sont \u00e0 d\u00e9couvrir. Elles ne sont pas forc\u00e9ment toutes adapt\u00e9es \u00e0 votre besoin. Le service <span style=\"color: #008000;\"><strong>Zebra3Tel<\/strong> <\/span>est personnalisable, facile \u00e0 utiliser et simple \u00e0 mettre en \u0153uvre. En utilisant l&rsquo;offre de t\u00e9l\u00e9phonie enrichie <span style=\"color: #008000;\"><strong>Zebra3Tel<\/strong> <\/span>le mot \u00ab\u00a0illimit\u00e9\u00a0\u00bb n&rsquo;aura plus la m\u00eame signification qu&rsquo;avant.<br \/>\nSi vous souhaitez obtenir plus d&rsquo;informations, n&rsquo;h\u00e9sitez pas \u00e0 utiliser le formulaire en cliquant sur l&rsquo;onglet contact.<\/li>\n<\/ol>\n<hr \/>\n<p>Confidentialit\u00e9, s\u00e9curit\u00e9 performances, <strong><span style=\"color: #008000;\">Zebra3Tel<\/span> <\/strong>s&rsquo;engage toujours plus :<\/p>\n<ol>\n<li><strong>Confidentialit\u00e9 des communications :<\/strong><br \/>\n<span style=\"color: #008000;\"><strong>Zebra3Tel <\/strong><\/span>permet l&rsquo;utilisation dynamique des m\u00e9canismes de chiffrage <strong data-start=\"2669\" data-end=\"2683\">TLS <\/strong>pour le SIP et\/ou<strong> SRTP <\/strong>voire <strong data-start=\"2691\" data-end=\"2712\">ZRTP<\/strong>\u00a0 pour le m\u00e9dia. Les plateformes <span style=\"color: #008000;\"><strong>Zebra3Tel <\/strong><\/span>s&rsquo;adapteront automatiquement sur sollicitation du terminal. Ces niveaux de cryptage peuvent aussi \u00eatre mis en \u0153uvre sur les faisceaux internes ou vers certains fournisseurs de service SIP,<\/li>\n<li><strong>S\u00e9curit\u00e9 :<br \/>\n<\/strong><strong><span style=\"color: #008000;\">Zebra3Tel<\/span> <\/strong>utilise l&rsquo;internet pour transporter tout sont trafic. Ce choix est pleinement assum\u00e9 principalement pour des raisons \u00e9conomiques. Chaque site est doublement raccord\u00e9 \u00e0 l&rsquo;internet par l&rsquo;interm\u00e9diaire de 2 fournisseurs d&rsquo;acc\u00e8s diff\u00e9rents.<br \/>\nLes diff\u00e9rents sites sont syst\u00e9matiquement reli\u00e9s en utilisant 2 tunnels IPSEC distincts pour \u00e9couler les flux VoIP (r\u00e9seau totalement maill\u00e9) d&rsquo;une part et\u00a0 les flux d&rsquo;administration\/exploitation (centralis\u00e9 + backup) d&rsquo;autre part. De plus, les tunnels IPSEC entre sites sont dupliqu\u00e9s afin d&rsquo;am\u00e9liorer la disponibilit\u00e9 du service. Autrement dit, entre un site A et un site B, 2 tunnels IPSEC distincts sont toujours \u00e9tablis.<br \/>\nLes flux d&rsquo;exploitation sont filtr\u00e9s par des pare feux.<br \/>\nL&rsquo;utilisation de VLAN pour s\u00e9parer des flux de natures diff\u00e9rentes est indispensable pour garantir un niveau de s\u00e9curit\u00e9 acceptable.<\/li>\n<li><strong>Performances :<\/strong><br \/>\nPour r\u00e9duire le d\u00e9lai de bout en bout, le r\u00e9seau VoIP est totalement maill\u00e9. Minimiser le nombre d&rsquo;\u00e9quipements travers\u00e9s par une communication VoIP, c&rsquo;est contribuer \u00e0 am\u00e9liorer sa qualit\u00e9,<br \/>\n<span style=\"color: #008000;\"><strong>Zebra3Tel\u00a0<\/strong><\/span>applique aux paquets VoIP l<span class=\"ILfuVd\" lang=\"fr\"><span class=\"hgKElc\">e marquage DSCP (faibles jitter et latence) qui convient pour informer les routeurs (qui en sont capable) qu&rsquo;ils doivent prioriser le traitement de ces paquets afin de maintenir une QoS\u00a0 optimale.<\/span><\/span><\/li>\n<\/ol>\n<p><img fetchpriority=\"high\" decoding=\"async\" class=\"alignnone size-medium wp-image-855\" src=\"https:\/\/zebra3tel-voice.com\/wp-content\/uploads\/2024\/06\/Sticker_Zebra3Tel-300x225.png\" alt=\"\" width=\"300\" height=\"225\" srcset=\"https:\/\/zebra3tel-voice.com\/wp-content\/uploads\/2024\/06\/Sticker_Zebra3Tel-300x225.png 300w, https:\/\/zebra3tel-voice.com\/wp-content\/uploads\/2024\/06\/Sticker_Zebra3Tel-768x576.png 768w, https:\/\/zebra3tel-voice.com\/wp-content\/uploads\/2024\/06\/Sticker_Zebra3Tel.png 960w\" sizes=\"(max-width: 300px) 100vw, 300px\" \/><\/p>\n<p>&nbsp;<\/p>\n","protected":false},"excerpt":{"rendered":"<p>Offre de t\u00e9l\u00e9phonie enrichie propos\u00e9e par Zebra3Tel &#8211; Allocation du num\u00e9ro de t\u00e9l\u00e9phone : Num\u00e9ro de t\u00e9l\u00e9phone public : Zebra3Tel peut vous attribuer un num\u00e9ro public partag\u00e9 ou individuel pour que vos correspondants externes puissent vous joindre de fa\u00e7on \u00ab\u00a0traditionnelle\u00a0\u00bb. Vous pouvez aussi b\u00e9n\u00e9ficier de tous les services propos\u00e9s par Zebra3Tel tout en conservant le &hellip; <\/p>\n<p class=\"link-more\"><a href=\"https:\/\/zebra3tel-voice.com\/?page_id=279\" class=\"more-link\">Continuer la lecture<span class=\"screen-reader-text\"> de &laquo;&nbsp;Offre&nbsp;&raquo;<\/span><\/a><\/p>\n","protected":false},"author":1,"featured_media":0,"parent":0,"menu_order":0,"comment_status":"closed","ping_status":"closed","template":"","meta":{"footnotes":""},"class_list":["post-279","page","type-page","status-publish","hentry"],"yoast_head":"<!-- This site is optimized with the Yoast SEO plugin v27.4 - https:\/\/yoast.com\/product\/yoast-seo-wordpress\/ -->\n<title>Offre de t\u00e9l\u00e9phonie enrichie propos\u00e9e par Zebra3Tel<\/title>\n<meta name=\"description\" content=\"T\u00e9l\u00e9phonez moins cher Offre de services Zebra3Tel Offre de t\u00e9l\u00e9phonie enrichie Zebra3Tel Services \u00e0 valeur ajout\u00e9e T\u00e9l\u00e9phonez librement\" \/>\n<meta name=\"robots\" content=\"index, follow, max-snippet:-1, max-image-preview:large, max-video-preview:-1\" \/>\n<link rel=\"canonical\" href=\"https:\/\/zebra3tel-voice.com\/?page_id=279\" \/>\n<meta property=\"og:locale\" content=\"fr_FR\" \/>\n<meta property=\"og:type\" content=\"article\" \/>\n<meta property=\"og:title\" content=\"Offre de t\u00e9l\u00e9phonie enrichie propos\u00e9e par Zebra3Tel\" \/>\n<meta property=\"og:description\" content=\"T\u00e9l\u00e9phonez moins cher Offre de services Zebra3Tel Offre de t\u00e9l\u00e9phonie enrichie Zebra3Tel Services \u00e0 valeur ajout\u00e9e T\u00e9l\u00e9phonez librement\" \/>\n<meta property=\"og:url\" content=\"https:\/\/zebra3tel-voice.com\/?page_id=279\" \/>\n<meta property=\"og:site_name\" content=\"Zebra3.tel\" \/>\n<meta property=\"article:publisher\" content=\"https:\/\/www.facebook.com\/profile.php?id=100057233747951\" \/>\n<meta property=\"article:modified_time\" content=\"2025-08-22T12:12:00+00:00\" \/>\n<meta property=\"og:image\" content=\"https:\/\/zebra3tel-voice.com\/wp-content\/uploads\/2024\/06\/Sticker_Zebra3Tel-300x225.png\" \/>\n<meta name=\"twitter:card\" content=\"summary_large_image\" \/>\n<meta name=\"twitter:label1\" content=\"Dur\u00e9e de lecture estim\u00e9e\" \/>\n\t<meta name=\"twitter:data1\" content=\"5 minutes\" \/>\n<script type=\"application\/ld+json\" class=\"yoast-schema-graph\">{\"@context\":\"https:\\\/\\\/schema.org\",\"@graph\":[{\"@type\":\"WebPage\",\"@id\":\"https:\\\/\\\/zebra3tel-voice.com\\\/?page_id=279\",\"url\":\"https:\\\/\\\/zebra3tel-voice.com\\\/?page_id=279\",\"name\":\"Offre de t\u00e9l\u00e9phonie enrichie propos\u00e9e par Zebra3Tel\",\"isPartOf\":{\"@id\":\"https:\\\/\\\/zebra3tel-voice.com\\\/#website\"},\"primaryImageOfPage\":{\"@id\":\"https:\\\/\\\/zebra3tel-voice.com\\\/?page_id=279#primaryimage\"},\"image\":{\"@id\":\"https:\\\/\\\/zebra3tel-voice.com\\\/?page_id=279#primaryimage\"},\"thumbnailUrl\":\"https:\\\/\\\/zebra3tel-voice.com\\\/wp-content\\\/uploads\\\/2024\\\/06\\\/Sticker_Zebra3Tel-300x225.png\",\"datePublished\":\"2017-05-11T13:13:12+00:00\",\"dateModified\":\"2025-08-22T12:12:00+00:00\",\"description\":\"T\u00e9l\u00e9phonez moins cher Offre de services Zebra3Tel Offre de t\u00e9l\u00e9phonie enrichie Zebra3Tel Services \u00e0 valeur ajout\u00e9e T\u00e9l\u00e9phonez librement\",\"breadcrumb\":{\"@id\":\"https:\\\/\\\/zebra3tel-voice.com\\\/?page_id=279#breadcrumb\"},\"inLanguage\":\"fr-FR\",\"potentialAction\":[{\"@type\":\"ReadAction\",\"target\":[\"https:\\\/\\\/zebra3tel-voice.com\\\/?page_id=279\"]}]},{\"@type\":\"ImageObject\",\"inLanguage\":\"fr-FR\",\"@id\":\"https:\\\/\\\/zebra3tel-voice.com\\\/?page_id=279#primaryimage\",\"url\":\"https:\\\/\\\/zebra3tel-voice.com\\\/wp-content\\\/uploads\\\/2024\\\/06\\\/Sticker_Zebra3Tel.png\",\"contentUrl\":\"https:\\\/\\\/zebra3tel-voice.com\\\/wp-content\\\/uploads\\\/2024\\\/06\\\/Sticker_Zebra3Tel.png\",\"width\":960,\"height\":720},{\"@type\":\"BreadcrumbList\",\"@id\":\"https:\\\/\\\/zebra3tel-voice.com\\\/?page_id=279#breadcrumb\",\"itemListElement\":[{\"@type\":\"ListItem\",\"position\":1,\"name\":\"Accueil\",\"item\":\"https:\\\/\\\/zebra3tel-voice.com\\\/\"},{\"@type\":\"ListItem\",\"position\":2,\"name\":\"Offre\"}]},{\"@type\":\"WebSite\",\"@id\":\"https:\\\/\\\/zebra3tel-voice.com\\\/#website\",\"url\":\"https:\\\/\\\/zebra3tel-voice.com\\\/\",\"name\":\"Zebra3Tel\",\"description\":\"Communiquer diff\u00e9remment\",\"publisher\":{\"@id\":\"https:\\\/\\\/zebra3tel-voice.com\\\/#organization\"},\"potentialAction\":[{\"@type\":\"SearchAction\",\"target\":{\"@type\":\"EntryPoint\",\"urlTemplate\":\"https:\\\/\\\/zebra3tel-voice.com\\\/?s={search_term_string}\"},\"query-input\":{\"@type\":\"PropertyValueSpecification\",\"valueRequired\":true,\"valueName\":\"search_term_string\"}}],\"inLanguage\":\"fr-FR\"},{\"@type\":\"Organization\",\"@id\":\"https:\\\/\\\/zebra3tel-voice.com\\\/#organization\",\"name\":\"Zebra3Tel\",\"url\":\"https:\\\/\\\/zebra3tel-voice.com\\\/\",\"logo\":{\"@type\":\"ImageObject\",\"inLanguage\":\"fr-FR\",\"@id\":\"https:\\\/\\\/zebra3tel-voice.com\\\/#\\\/schema\\\/logo\\\/image\\\/\",\"url\":\"https:\\\/\\\/zebra3tel-voice.com\\\/wp-content\\\/uploads\\\/2024\\\/06\\\/cropped-cropped-LogoZebra3Tel_master3.jpg\",\"contentUrl\":\"https:\\\/\\\/zebra3tel-voice.com\\\/wp-content\\\/uploads\\\/2024\\\/06\\\/cropped-cropped-LogoZebra3Tel_master3.jpg\",\"width\":250,\"height\":250,\"caption\":\"Zebra3Tel\"},\"image\":{\"@id\":\"https:\\\/\\\/zebra3tel-voice.com\\\/#\\\/schema\\\/logo\\\/image\\\/\"},\"sameAs\":[\"https:\\\/\\\/www.facebook.com\\\/profile.php?id=100057233747951\"]}]}<\/script>\n<!-- \/ Yoast SEO plugin. -->","yoast_head_json":{"title":"Offre de t\u00e9l\u00e9phonie enrichie propos\u00e9e par Zebra3Tel","description":"T\u00e9l\u00e9phonez moins cher Offre de services Zebra3Tel Offre de t\u00e9l\u00e9phonie enrichie Zebra3Tel Services \u00e0 valeur ajout\u00e9e T\u00e9l\u00e9phonez librement","robots":{"index":"index","follow":"follow","max-snippet":"max-snippet:-1","max-image-preview":"max-image-preview:large","max-video-preview":"max-video-preview:-1"},"canonical":"https:\/\/zebra3tel-voice.com\/?page_id=279","og_locale":"fr_FR","og_type":"article","og_title":"Offre de t\u00e9l\u00e9phonie enrichie propos\u00e9e par Zebra3Tel","og_description":"T\u00e9l\u00e9phonez moins cher Offre de services Zebra3Tel Offre de t\u00e9l\u00e9phonie enrichie Zebra3Tel Services \u00e0 valeur ajout\u00e9e T\u00e9l\u00e9phonez librement","og_url":"https:\/\/zebra3tel-voice.com\/?page_id=279","og_site_name":"Zebra3.tel","article_publisher":"https:\/\/www.facebook.com\/profile.php?id=100057233747951","article_modified_time":"2025-08-22T12:12:00+00:00","og_image":[{"url":"https:\/\/zebra3tel-voice.com\/wp-content\/uploads\/2024\/06\/Sticker_Zebra3Tel-300x225.png","type":"","width":"","height":""}],"twitter_card":"summary_large_image","twitter_misc":{"Dur\u00e9e de lecture estim\u00e9e":"5 minutes"},"schema":{"@context":"https:\/\/schema.org","@graph":[{"@type":"WebPage","@id":"https:\/\/zebra3tel-voice.com\/?page_id=279","url":"https:\/\/zebra3tel-voice.com\/?page_id=279","name":"Offre de t\u00e9l\u00e9phonie enrichie propos\u00e9e par Zebra3Tel","isPartOf":{"@id":"https:\/\/zebra3tel-voice.com\/#website"},"primaryImageOfPage":{"@id":"https:\/\/zebra3tel-voice.com\/?page_id=279#primaryimage"},"image":{"@id":"https:\/\/zebra3tel-voice.com\/?page_id=279#primaryimage"},"thumbnailUrl":"https:\/\/zebra3tel-voice.com\/wp-content\/uploads\/2024\/06\/Sticker_Zebra3Tel-300x225.png","datePublished":"2017-05-11T13:13:12+00:00","dateModified":"2025-08-22T12:12:00+00:00","description":"T\u00e9l\u00e9phonez moins cher Offre de services Zebra3Tel Offre de t\u00e9l\u00e9phonie enrichie Zebra3Tel Services \u00e0 valeur ajout\u00e9e T\u00e9l\u00e9phonez librement","breadcrumb":{"@id":"https:\/\/zebra3tel-voice.com\/?page_id=279#breadcrumb"},"inLanguage":"fr-FR","potentialAction":[{"@type":"ReadAction","target":["https:\/\/zebra3tel-voice.com\/?page_id=279"]}]},{"@type":"ImageObject","inLanguage":"fr-FR","@id":"https:\/\/zebra3tel-voice.com\/?page_id=279#primaryimage","url":"https:\/\/zebra3tel-voice.com\/wp-content\/uploads\/2024\/06\/Sticker_Zebra3Tel.png","contentUrl":"https:\/\/zebra3tel-voice.com\/wp-content\/uploads\/2024\/06\/Sticker_Zebra3Tel.png","width":960,"height":720},{"@type":"BreadcrumbList","@id":"https:\/\/zebra3tel-voice.com\/?page_id=279#breadcrumb","itemListElement":[{"@type":"ListItem","position":1,"name":"Accueil","item":"https:\/\/zebra3tel-voice.com\/"},{"@type":"ListItem","position":2,"name":"Offre"}]},{"@type":"WebSite","@id":"https:\/\/zebra3tel-voice.com\/#website","url":"https:\/\/zebra3tel-voice.com\/","name":"Zebra3Tel","description":"Communiquer diff\u00e9remment","publisher":{"@id":"https:\/\/zebra3tel-voice.com\/#organization"},"potentialAction":[{"@type":"SearchAction","target":{"@type":"EntryPoint","urlTemplate":"https:\/\/zebra3tel-voice.com\/?s={search_term_string}"},"query-input":{"@type":"PropertyValueSpecification","valueRequired":true,"valueName":"search_term_string"}}],"inLanguage":"fr-FR"},{"@type":"Organization","@id":"https:\/\/zebra3tel-voice.com\/#organization","name":"Zebra3Tel","url":"https:\/\/zebra3tel-voice.com\/","logo":{"@type":"ImageObject","inLanguage":"fr-FR","@id":"https:\/\/zebra3tel-voice.com\/#\/schema\/logo\/image\/","url":"https:\/\/zebra3tel-voice.com\/wp-content\/uploads\/2024\/06\/cropped-cropped-LogoZebra3Tel_master3.jpg","contentUrl":"https:\/\/zebra3tel-voice.com\/wp-content\/uploads\/2024\/06\/cropped-cropped-LogoZebra3Tel_master3.jpg","width":250,"height":250,"caption":"Zebra3Tel"},"image":{"@id":"https:\/\/zebra3tel-voice.com\/#\/schema\/logo\/image\/"},"sameAs":["https:\/\/www.facebook.com\/profile.php?id=100057233747951"]}]}},"_links":{"self":[{"href":"https:\/\/zebra3tel-voice.com\/index.php?rest_route=\/wp\/v2\/pages\/279","targetHints":{"allow":["GET"]}}],"collection":[{"href":"https:\/\/zebra3tel-voice.com\/index.php?rest_route=\/wp\/v2\/pages"}],"about":[{"href":"https:\/\/zebra3tel-voice.com\/index.php?rest_route=\/wp\/v2\/types\/page"}],"author":[{"embeddable":true,"href":"https:\/\/zebra3tel-voice.com\/index.php?rest_route=\/wp\/v2\/users\/1"}],"replies":[{"embeddable":true,"href":"https:\/\/zebra3tel-voice.com\/index.php?rest_route=%2Fwp%2Fv2%2Fcomments&post=279"}],"version-history":[{"count":13,"href":"https:\/\/zebra3tel-voice.com\/index.php?rest_route=\/wp\/v2\/pages\/279\/revisions"}],"predecessor-version":[{"id":1102,"href":"https:\/\/zebra3tel-voice.com\/index.php?rest_route=\/wp\/v2\/pages\/279\/revisions\/1102"}],"wp:attachment":[{"href":"https:\/\/zebra3tel-voice.com\/index.php?rest_route=%2Fwp%2Fv2%2Fmedia&parent=279"}],"curies":[{"name":"wp","href":"https:\/\/api.w.org\/{rel}","templated":true}]}}