{"id":136,"date":"2017-04-20T08:04:18","date_gmt":"2017-04-20T06:04:18","guid":{"rendered":"http:\/\/zebra3tel.com\/wordpress\/?page_id=136"},"modified":"2025-10-14T12:00:30","modified_gmt":"2025-10-14T10:00:30","slug":"description-des-services-a-valeur-ajoutee-et-fonctionnalites-offerts-par-zebra3tel","status":"publish","type":"page","link":"https:\/\/zebra3tel-voice.com\/?page_id=136","title":{"rendered":"F o n c t i o n n e m e n t"},"content":{"rendered":"<p>Description des services \u00e0 valeur ajout\u00e9e offerts par <strong><span style=\"color: #008000;\">Zebra3Tel<\/span><\/strong>.<\/p>\n<p>Enti\u00e8rement h\u00e9berg\u00e9e dans le Cloud, l&rsquo;offre de service <span style=\"color: #008000;\"><strong>Zebra3Tel<\/strong> <\/span>ne n\u00e9cessite aucune infrastructure lourde pour les utilisateurs.<\/p>\n<p>Nos plateformes sont automatiquement supervis\u00e9es et administr\u00e9es 24 x 7 par du personnel apte \u00e0 r\u00e9aliser toutes les interventions techniques n\u00e9cessaires au bon fonctionnement des services.<\/p>\n<p>Une simple connexion Internet suffit pour profiter de tous les avantages <span style=\"color: #008000;\"><strong>Zebra3Tel<\/strong><\/span>.<\/p>\n<p><strong>Co\u00fbt :<\/strong><\/p>\n<ul>\n<li style=\"list-style-type: none;\">\n<ul>\n<li>Vos communications internes au r\u00e9seau <span style=\"color: #008000;\"><strong>Zebra3Tel<\/strong> <\/span>sont totalement <strong>gratuites <\/strong>car elles n&#8217;emprunte pas un r\u00e9seau tiers,<\/li>\n<li>Vos communications vers les num\u00e9ros externes (publics) sont possibles si vous fournissez une ligne t\u00e9l\u00e9phonique (fixe, mobile ou VoIP) \u00e0 souscrire aupr\u00e8s de l&rsquo;op\u00e9rateur de votre choix.<\/li>\n<\/ul>\n<\/li>\n<\/ul>\n<p>En g\u00e9n\u00e9ral votre Fournisseur d&rsquo;Acc\u00e8s \u00e0 Internet (FAI) inclut une ligne t\u00e9l\u00e9phonique dans son offre. Il suffit de la connecter \u00e0 une passerelle (en location) de type Z3Fix1, Z3Fix2 ou Z3All pour associer cette ligne au service <strong><span style=\"color: #008000;\">Zebra3Tel<\/span><\/strong>. Vous conservez le num\u00e9ro attribu\u00e9 par votre FAI.<\/p>\n<p>Nous pouvons aussi mettre \u00e0 votre disposition :<\/p>\n<ul>\n<li style=\"list-style-type: none;\">\n<ul>\n<li>une ligne VoIP, avec num\u00e9ro de t\u00e9l\u00e9phone fixe, \u00e0 co\u00fbt mod\u00e9r\u00e9 (nous contacter).<\/li>\n<li>une ligne mobile, avec num\u00e9ro de t\u00e9l\u00e9phone mobile, \u00e0 co\u00fbt mod\u00e9r\u00e9 (nous contacter).<\/li>\n<\/ul>\n<\/li>\n<\/ul>\n<hr \/>\n<p><strong>A T T E N T I O N :<\/strong><\/p>\n<p>Parce qu&rsquo;il est difficile de g\u00e9olocaliser un terminal nomade, les services d&rsquo;urgence ne sont pas g\u00e9r\u00e9s chez <span style=\"color: #008000;\"><strong>Zebra3Tel<\/strong><\/span>.<br \/>\nLes services <span style=\"color: #008000;\"><strong>Zebra3Tel<\/strong> <\/span>doivent s&rsquo;utiliser en compl\u00e9ment d&rsquo;une offre op\u00e9rateur si jamais les appels d&rsquo;urgence sont requis.<\/p>\n<hr \/>\n<p>Le service <span style=\"color: #008000;\"><strong>Zebra3Tel<\/strong> <\/span>n\u00e9cessite que les terminaux sur lesquels vous allez l&rsquo;utiliser disposent d&rsquo;une application sp\u00e9cifique. Celle-ci permet au terminal de s&rsquo;enregistrer sur le serveur <span style=\"color: #008000;\"><strong>Zebra3Tel<\/strong> <\/span>contr\u00f4lant l&rsquo;acc\u00e8s au service et aux utilisateurs authentifi\u00e9s de dialoguer entre eux ou vers l&rsquo;ext\u00e9rieur. Ainsi, le service propos\u00e9 ne se limite pas aux seules communications internes au r\u00e9seau <span style=\"color: #008000;\"><strong>Zebra3Tel<\/strong><span style=\"color: #000000;\">.<\/span><\/span><\/p>\n<p>Terminaux :<\/p>\n<ol>\n<li>Pc ou Mac avec n&rsquo;importe quel logiciel Soft phone gratuit,<\/li>\n<li>Smartphone (quelque soit l&rsquo;OS) avec application SIP Phone gratuite \u00e0 t\u00e9l\u00e9charger sur les stores. Un abonnement aux services d&rsquo;un op\u00e9rateur mobile et une carte SIM ne sont pas obligatoire,<\/li>\n<li>IP Phone (t\u00e9l\u00e9phone fixe IP natif) en remplacement\/compl\u00e9ment de votre t\u00e9l\u00e9phone fixe \u00e0 la maison ou au bureau,<\/li>\n<\/ol>\n<p>Vous devez \u00eatre connect\u00e9 \u00e0 internet (en Wifi, Ethernet voire 4 ou 5G) pour que vos terminaux acc\u00e8dent au service\u00a0 <span style=\"color: #008000;\"><strong>Zebra3Tel<\/strong><\/span>.<\/p>\n<p><span style=\"color: #008000;\"><strong>Zebra3Tel<\/strong><\/span>, \u00e0 la diff\u00e9rence d&rsquo;autres services similaires, permet \u00e0 l&rsquo;utilisateur autoris\u00e9 d&rsquo;\u00e9mettre des appels vers de nombreuses destinations fixes, mobiles et IP dans le monde. L&rsquo;utilisateur peut recevoir des appels en provenance de tous les r\u00e9seaux fixes et mobiles mondiaux gr\u00e2ce \u00e0 un num\u00e9ro fixe\u00a0 d\u00e9di\u00e9 ou partag\u00e9 affect\u00e9 par\u00a0<span style=\"color: #008000;\"><strong>Zebra3Tel<\/strong><\/span>. Ce num\u00e9ro peut-\u00eatre Fran\u00e7ais et\/ou \u00e9tranger, tout d\u00e9pend de l&rsquo;endroit d&rsquo;o\u00f9 vous souhaitez vous faire appeler. Vous pouvez aussi d\u00e9cider de conserver le num\u00e9ro fixe attribu\u00e9 par votre fournisseur de service de t\u00e9l\u00e9phonie pr\u00e9f\u00e9r\u00e9 (ligne analogique, ligne SIP, ASDL ou fibre derri\u00e8re une box) ou mobile qu&rsquo;il soit Fran\u00e7ais et\/ou \u00e9tranger.<br \/>\n<span style=\"color: #008000;\"><strong>Zebra3Tel<\/strong> <\/span>va \u00ab\u00a0router\u00a0\u00bb les appels \u00e0 destination de ce num\u00e9ro fixe vers un ou plusieurs terminaux de votre choix pr\u00e9alablement enregistr\u00e9s sur <span style=\"color: #008000;\"><strong>Zebra3Tel<\/strong><\/span>.<\/p>\n<p>En renvoyant votre num\u00e9ro de mobile attribu\u00e9 par votre op\u00e9rateur vers votre num\u00e9ro fixe (d\u00e9di\u00e9, partag\u00e9 ou attribu\u00e9 par votre op\u00e9rateur), vous pourrez continuer \u00e0 recevoir vos appels en 06xxxxxxxx sur les terminaux de votre choix pr\u00e9alablement enregistr\u00e9s sur <span style=\"color: #008000;\"><strong>Zebra3Tel<\/strong><\/span>.<br \/>\nAttention, dans ce cas, les communications renvoy\u00e9es vers le num\u00e9ro fixe de votre choix seront d\u00e9compt\u00e9es de votre forfait par votre op\u00e9rateur &#8230; mais au tarif local.<br \/>\nEncore mieux, en utilisant\u00a0 un service optionnel, <span style=\"color: #008000;\"><strong>Zebra3Tel<\/strong> <\/span>permet de \u00ab\u00a0<em>prolonger gratuitement<\/em>\u00a0\u00bb tous les appels mobile re\u00e7us vers les num\u00e9ros priv\u00e9s de votre choix (\u00e9limination des frais li\u00e9s au renvoi interm\u00e9diaire mobile vers fixe).<br \/>\nGrace \u00e0 cette derni\u00e8re fonctionnalit\u00e9 de num\u00e9ro de mobile dans le \u00ab\u00a0cloud\u00a0\u00bb, bye bye les frais d&rsquo;itin\u00e9rance quand vous recevez ou \u00e9mettez des appels lorsque vous \u00eates \u00e0 l&rsquo;\u00e9tranger !<\/p>\n<p>Gr\u00e2ce aux passerelles optionnelles <span style=\"color: #008000;\"><strong>Z3Fix<\/strong> <\/span>ou <span style=\"color: #008000;\"><strong>Z3All<\/strong> <\/span>vous pouvez b\u00e9n\u00e9ficier de services voix convergents Fixe (RTC) &#8211; Mobile (GSM) &#8211; VoIP et disposer de votre propre signal Wifi.<\/p>\n<p><img fetchpriority=\"high\" decoding=\"async\" class=\"alignnone wp-image-842\" src=\"https:\/\/zebra3tel-voice.com\/wp-content\/uploads\/2024\/06\/Z3Fix1-300x225.jpg\" alt=\"\" width=\"791\" height=\"593\" srcset=\"https:\/\/zebra3tel-voice.com\/wp-content\/uploads\/2024\/06\/Z3Fix1-300x225.jpg 300w, https:\/\/zebra3tel-voice.com\/wp-content\/uploads\/2024\/06\/Z3Fix1-768x576.jpg 768w, https:\/\/zebra3tel-voice.com\/wp-content\/uploads\/2024\/06\/Z3Fix1.jpg 960w\" sizes=\"(max-width: 767px) 89vw, (max-width: 1000px) 54vw, (max-width: 1071px) 543px, 580px\" \/> <img decoding=\"async\" class=\"alignnone wp-image-843\" src=\"https:\/\/zebra3tel-voice.com\/wp-content\/uploads\/2024\/06\/Z3Fix2-300x225.jpg\" alt=\"\" width=\"824\" height=\"618\" srcset=\"https:\/\/zebra3tel-voice.com\/wp-content\/uploads\/2024\/06\/Z3Fix2-300x225.jpg 300w, https:\/\/zebra3tel-voice.com\/wp-content\/uploads\/2024\/06\/Z3Fix2-768x576.jpg 768w, https:\/\/zebra3tel-voice.com\/wp-content\/uploads\/2024\/06\/Z3Fix2.jpg 960w\" sizes=\"(max-width: 767px) 89vw, (max-width: 1000px) 54vw, (max-width: 1071px) 543px, 580px\" \/> <img decoding=\"async\" class=\"alignnone wp-image-844\" src=\"https:\/\/zebra3tel-voice.com\/wp-content\/uploads\/2024\/06\/Z3All-300x225.jpg\" alt=\"\" width=\"913\" height=\"685\" srcset=\"https:\/\/zebra3tel-voice.com\/wp-content\/uploads\/2024\/06\/Z3All-300x225.jpg 300w, https:\/\/zebra3tel-voice.com\/wp-content\/uploads\/2024\/06\/Z3All-768x576.jpg 768w, https:\/\/zebra3tel-voice.com\/wp-content\/uploads\/2024\/06\/Z3All.jpg 960w\" sizes=\"(max-width: 767px) 89vw, (max-width: 1000px) 54vw, (max-width: 1071px) 543px, 580px\" \/><\/p>\n<p>&nbsp;<\/p>\n","protected":false},"excerpt":{"rendered":"<p>Description des services \u00e0 valeur ajout\u00e9e offerts par Zebra3Tel. Enti\u00e8rement h\u00e9berg\u00e9e dans le Cloud, l&rsquo;offre de service Zebra3Tel ne n\u00e9cessite aucune infrastructure lourde pour les utilisateurs. Nos plateformes sont automatiquement supervis\u00e9es et administr\u00e9es 24 x 7 par du personnel apte \u00e0 r\u00e9aliser toutes les interventions techniques n\u00e9cessaires au bon fonctionnement des services. Une simple connexion &hellip; <\/p>\n<p class=\"link-more\"><a href=\"https:\/\/zebra3tel-voice.com\/?page_id=136\" class=\"more-link\">Continuer la lecture<span class=\"screen-reader-text\"> de &laquo;&nbsp;F o n c t i o n n e m e n t&nbsp;&raquo;<\/span><\/a><\/p>\n","protected":false},"author":1,"featured_media":0,"parent":0,"menu_order":0,"comment_status":"closed","ping_status":"closed","template":"","meta":{"footnotes":""},"class_list":["post-136","page","type-page","status-publish","hentry"],"yoast_head":"<!-- This site is optimized with the Yoast SEO plugin v27.4 - https:\/\/yoast.com\/product\/yoast-seo-wordpress\/ -->\n<title>Description des services \u00e0 valeur ajout\u00e9e offerts par Zebra3Tel<\/title>\n<meta name=\"description\" content=\"Description des services \u00e0 valeur ajout\u00e9e offerts par Zebra3Tel. Possibilit\u00e9 de cr\u00e9ation de services et fonctionnalit\u00e9s sur mesure.\" \/>\n<meta name=\"robots\" content=\"index, follow, max-snippet:-1, max-image-preview:large, max-video-preview:-1\" \/>\n<link rel=\"canonical\" href=\"https:\/\/zebra3tel-voice.com\/?page_id=136\" \/>\n<meta property=\"og:locale\" content=\"fr_FR\" \/>\n<meta property=\"og:type\" content=\"article\" \/>\n<meta property=\"og:title\" content=\"Description des services \u00e0 valeur ajout\u00e9e offerts par Zebra3Tel\" \/>\n<meta property=\"og:description\" content=\"Description des services \u00e0 valeur ajout\u00e9e offerts par Zebra3Tel. Possibilit\u00e9 de cr\u00e9ation de services et fonctionnalit\u00e9s sur mesure.\" \/>\n<meta property=\"og:url\" content=\"https:\/\/zebra3tel-voice.com\/?page_id=136\" \/>\n<meta property=\"og:site_name\" content=\"Zebra3.tel\" \/>\n<meta property=\"article:publisher\" content=\"https:\/\/www.facebook.com\/profile.php?id=100057233747951\" \/>\n<meta property=\"article:modified_time\" content=\"2025-10-14T10:00:30+00:00\" \/>\n<meta property=\"og:image\" content=\"https:\/\/zebra3tel-voice.com\/wp-content\/uploads\/2024\/06\/Z3Fix1-300x225.jpg\" \/>\n<meta name=\"twitter:card\" content=\"summary_large_image\" \/>\n<meta name=\"twitter:label1\" content=\"Dur\u00e9e de lecture estim\u00e9e\" \/>\n\t<meta name=\"twitter:data1\" content=\"4 minutes\" \/>\n<script type=\"application\/ld+json\" class=\"yoast-schema-graph\">{\"@context\":\"https:\\\/\\\/schema.org\",\"@graph\":[{\"@type\":\"WebPage\",\"@id\":\"https:\\\/\\\/zebra3tel-voice.com\\\/?page_id=136\",\"url\":\"https:\\\/\\\/zebra3tel-voice.com\\\/?page_id=136\",\"name\":\"Description des services \u00e0 valeur ajout\u00e9e offerts par Zebra3Tel\",\"isPartOf\":{\"@id\":\"https:\\\/\\\/zebra3tel-voice.com\\\/#website\"},\"primaryImageOfPage\":{\"@id\":\"https:\\\/\\\/zebra3tel-voice.com\\\/?page_id=136#primaryimage\"},\"image\":{\"@id\":\"https:\\\/\\\/zebra3tel-voice.com\\\/?page_id=136#primaryimage\"},\"thumbnailUrl\":\"https:\\\/\\\/zebra3tel-voice.com\\\/wp-content\\\/uploads\\\/2024\\\/06\\\/Z3Fix1-300x225.jpg\",\"datePublished\":\"2017-04-20T06:04:18+00:00\",\"dateModified\":\"2025-10-14T10:00:30+00:00\",\"description\":\"Description des services \u00e0 valeur ajout\u00e9e offerts par Zebra3Tel. Possibilit\u00e9 de cr\u00e9ation de services et fonctionnalit\u00e9s sur mesure.\",\"breadcrumb\":{\"@id\":\"https:\\\/\\\/zebra3tel-voice.com\\\/?page_id=136#breadcrumb\"},\"inLanguage\":\"fr-FR\",\"potentialAction\":[{\"@type\":\"ReadAction\",\"target\":[\"https:\\\/\\\/zebra3tel-voice.com\\\/?page_id=136\"]}]},{\"@type\":\"ImageObject\",\"inLanguage\":\"fr-FR\",\"@id\":\"https:\\\/\\\/zebra3tel-voice.com\\\/?page_id=136#primaryimage\",\"url\":\"https:\\\/\\\/zebra3tel-voice.com\\\/wp-content\\\/uploads\\\/2024\\\/06\\\/Z3Fix1.jpg\",\"contentUrl\":\"https:\\\/\\\/zebra3tel-voice.com\\\/wp-content\\\/uploads\\\/2024\\\/06\\\/Z3Fix1.jpg\",\"width\":960,\"height\":720},{\"@type\":\"BreadcrumbList\",\"@id\":\"https:\\\/\\\/zebra3tel-voice.com\\\/?page_id=136#breadcrumb\",\"itemListElement\":[{\"@type\":\"ListItem\",\"position\":1,\"name\":\"Accueil\",\"item\":\"https:\\\/\\\/zebra3tel-voice.com\\\/\"},{\"@type\":\"ListItem\",\"position\":2,\"name\":\"F o n c t i o n n e m e n t\"}]},{\"@type\":\"WebSite\",\"@id\":\"https:\\\/\\\/zebra3tel-voice.com\\\/#website\",\"url\":\"https:\\\/\\\/zebra3tel-voice.com\\\/\",\"name\":\"Zebra3Tel\",\"description\":\"Communiquer diff\u00e9remment\",\"publisher\":{\"@id\":\"https:\\\/\\\/zebra3tel-voice.com\\\/#organization\"},\"potentialAction\":[{\"@type\":\"SearchAction\",\"target\":{\"@type\":\"EntryPoint\",\"urlTemplate\":\"https:\\\/\\\/zebra3tel-voice.com\\\/?s={search_term_string}\"},\"query-input\":{\"@type\":\"PropertyValueSpecification\",\"valueRequired\":true,\"valueName\":\"search_term_string\"}}],\"inLanguage\":\"fr-FR\"},{\"@type\":\"Organization\",\"@id\":\"https:\\\/\\\/zebra3tel-voice.com\\\/#organization\",\"name\":\"Zebra3Tel\",\"url\":\"https:\\\/\\\/zebra3tel-voice.com\\\/\",\"logo\":{\"@type\":\"ImageObject\",\"inLanguage\":\"fr-FR\",\"@id\":\"https:\\\/\\\/zebra3tel-voice.com\\\/#\\\/schema\\\/logo\\\/image\\\/\",\"url\":\"https:\\\/\\\/zebra3tel-voice.com\\\/wp-content\\\/uploads\\\/2024\\\/06\\\/cropped-cropped-LogoZebra3Tel_master3.jpg\",\"contentUrl\":\"https:\\\/\\\/zebra3tel-voice.com\\\/wp-content\\\/uploads\\\/2024\\\/06\\\/cropped-cropped-LogoZebra3Tel_master3.jpg\",\"width\":250,\"height\":250,\"caption\":\"Zebra3Tel\"},\"image\":{\"@id\":\"https:\\\/\\\/zebra3tel-voice.com\\\/#\\\/schema\\\/logo\\\/image\\\/\"},\"sameAs\":[\"https:\\\/\\\/www.facebook.com\\\/profile.php?id=100057233747951\"]}]}<\/script>\n<!-- \/ Yoast SEO plugin. -->","yoast_head_json":{"title":"Description des services \u00e0 valeur ajout\u00e9e offerts par Zebra3Tel","description":"Description des services \u00e0 valeur ajout\u00e9e offerts par Zebra3Tel. Possibilit\u00e9 de cr\u00e9ation de services et fonctionnalit\u00e9s sur mesure.","robots":{"index":"index","follow":"follow","max-snippet":"max-snippet:-1","max-image-preview":"max-image-preview:large","max-video-preview":"max-video-preview:-1"},"canonical":"https:\/\/zebra3tel-voice.com\/?page_id=136","og_locale":"fr_FR","og_type":"article","og_title":"Description des services \u00e0 valeur ajout\u00e9e offerts par Zebra3Tel","og_description":"Description des services \u00e0 valeur ajout\u00e9e offerts par Zebra3Tel. Possibilit\u00e9 de cr\u00e9ation de services et fonctionnalit\u00e9s sur mesure.","og_url":"https:\/\/zebra3tel-voice.com\/?page_id=136","og_site_name":"Zebra3.tel","article_publisher":"https:\/\/www.facebook.com\/profile.php?id=100057233747951","article_modified_time":"2025-10-14T10:00:30+00:00","og_image":[{"url":"https:\/\/zebra3tel-voice.com\/wp-content\/uploads\/2024\/06\/Z3Fix1-300x225.jpg","type":"","width":"","height":""}],"twitter_card":"summary_large_image","twitter_misc":{"Dur\u00e9e de lecture estim\u00e9e":"4 minutes"},"schema":{"@context":"https:\/\/schema.org","@graph":[{"@type":"WebPage","@id":"https:\/\/zebra3tel-voice.com\/?page_id=136","url":"https:\/\/zebra3tel-voice.com\/?page_id=136","name":"Description des services \u00e0 valeur ajout\u00e9e offerts par Zebra3Tel","isPartOf":{"@id":"https:\/\/zebra3tel-voice.com\/#website"},"primaryImageOfPage":{"@id":"https:\/\/zebra3tel-voice.com\/?page_id=136#primaryimage"},"image":{"@id":"https:\/\/zebra3tel-voice.com\/?page_id=136#primaryimage"},"thumbnailUrl":"https:\/\/zebra3tel-voice.com\/wp-content\/uploads\/2024\/06\/Z3Fix1-300x225.jpg","datePublished":"2017-04-20T06:04:18+00:00","dateModified":"2025-10-14T10:00:30+00:00","description":"Description des services \u00e0 valeur ajout\u00e9e offerts par Zebra3Tel. Possibilit\u00e9 de cr\u00e9ation de services et fonctionnalit\u00e9s sur mesure.","breadcrumb":{"@id":"https:\/\/zebra3tel-voice.com\/?page_id=136#breadcrumb"},"inLanguage":"fr-FR","potentialAction":[{"@type":"ReadAction","target":["https:\/\/zebra3tel-voice.com\/?page_id=136"]}]},{"@type":"ImageObject","inLanguage":"fr-FR","@id":"https:\/\/zebra3tel-voice.com\/?page_id=136#primaryimage","url":"https:\/\/zebra3tel-voice.com\/wp-content\/uploads\/2024\/06\/Z3Fix1.jpg","contentUrl":"https:\/\/zebra3tel-voice.com\/wp-content\/uploads\/2024\/06\/Z3Fix1.jpg","width":960,"height":720},{"@type":"BreadcrumbList","@id":"https:\/\/zebra3tel-voice.com\/?page_id=136#breadcrumb","itemListElement":[{"@type":"ListItem","position":1,"name":"Accueil","item":"https:\/\/zebra3tel-voice.com\/"},{"@type":"ListItem","position":2,"name":"F o n c t i o n n e m e n t"}]},{"@type":"WebSite","@id":"https:\/\/zebra3tel-voice.com\/#website","url":"https:\/\/zebra3tel-voice.com\/","name":"Zebra3Tel","description":"Communiquer diff\u00e9remment","publisher":{"@id":"https:\/\/zebra3tel-voice.com\/#organization"},"potentialAction":[{"@type":"SearchAction","target":{"@type":"EntryPoint","urlTemplate":"https:\/\/zebra3tel-voice.com\/?s={search_term_string}"},"query-input":{"@type":"PropertyValueSpecification","valueRequired":true,"valueName":"search_term_string"}}],"inLanguage":"fr-FR"},{"@type":"Organization","@id":"https:\/\/zebra3tel-voice.com\/#organization","name":"Zebra3Tel","url":"https:\/\/zebra3tel-voice.com\/","logo":{"@type":"ImageObject","inLanguage":"fr-FR","@id":"https:\/\/zebra3tel-voice.com\/#\/schema\/logo\/image\/","url":"https:\/\/zebra3tel-voice.com\/wp-content\/uploads\/2024\/06\/cropped-cropped-LogoZebra3Tel_master3.jpg","contentUrl":"https:\/\/zebra3tel-voice.com\/wp-content\/uploads\/2024\/06\/cropped-cropped-LogoZebra3Tel_master3.jpg","width":250,"height":250,"caption":"Zebra3Tel"},"image":{"@id":"https:\/\/zebra3tel-voice.com\/#\/schema\/logo\/image\/"},"sameAs":["https:\/\/www.facebook.com\/profile.php?id=100057233747951"]}]}},"_links":{"self":[{"href":"https:\/\/zebra3tel-voice.com\/index.php?rest_route=\/wp\/v2\/pages\/136","targetHints":{"allow":["GET"]}}],"collection":[{"href":"https:\/\/zebra3tel-voice.com\/index.php?rest_route=\/wp\/v2\/pages"}],"about":[{"href":"https:\/\/zebra3tel-voice.com\/index.php?rest_route=\/wp\/v2\/types\/page"}],"author":[{"embeddable":true,"href":"https:\/\/zebra3tel-voice.com\/index.php?rest_route=\/wp\/v2\/users\/1"}],"replies":[{"embeddable":true,"href":"https:\/\/zebra3tel-voice.com\/index.php?rest_route=%2Fwp%2Fv2%2Fcomments&post=136"}],"version-history":[{"count":12,"href":"https:\/\/zebra3tel-voice.com\/index.php?rest_route=\/wp\/v2\/pages\/136\/revisions"}],"predecessor-version":[{"id":1121,"href":"https:\/\/zebra3tel-voice.com\/index.php?rest_route=\/wp\/v2\/pages\/136\/revisions\/1121"}],"wp:attachment":[{"href":"https:\/\/zebra3tel-voice.com\/index.php?rest_route=%2Fwp%2Fv2%2Fmedia&parent=136"}],"curies":[{"name":"wp","href":"https:\/\/api.w.org\/{rel}","templated":true}]}}