{"id":133,"date":"2017-04-14T14:21:38","date_gmt":"2017-04-14T12:21:38","guid":{"rendered":"http:\/\/zebra3tel.com\/wordpress\/?page_id=18"},"modified":"2017-04-14T14:21:38","modified_gmt":"2017-04-14T12:21:38","slug":"zebra3tel-nest-pas-un-operateur-telecom-et-ne-poursuit-aucun-but-lucratif","status":"publish","type":"page","link":"https:\/\/zebra3tel-voice.com\/?page_id=133","title":{"rendered":"P r o j e t"},"content":{"rendered":"<p><span style=\"color: #008000;\"><strong>Zebra3Tel<\/strong>\u00a0<\/span> n&rsquo;est pas un op\u00e9rateur telecom comme les autres et ne poursuit aucun but lucratif.<\/p>\n<p>L&rsquo;objectif du projet <span style=\"color: #008000;\"><strong>Zebra3Tel<\/strong> <\/span>est de permettre \u00e0 ses membres de r\u00e9duire de fa\u00e7on tr\u00e8s importante le co\u00fbt de leurs communications t\u00e9l\u00e9phoniques en exploitant au mieux les offres des fournisseurs de services. La plupart d\u2019entre nous ne consommons qu&rsquo;une infime partie des forfaits et abonnements t\u00e9l\u00e9phoniques auxquels nous avons souscrits. En effet, la ligne t\u00e9l\u00e9phonique d&rsquo;un particulier n&rsquo;est occup\u00e9e que 35 heures par mois, ce qui repr\u00e9sente un rendement de moins de 5%. Ceci signifie que vos lignes fixes ou mobiles sont libres pendant 95% du temps. Un abonn\u00e9 a donc la possibilit\u00e9 de r\u00e9aliser de substantielles \u00e9conomies en optimisant l&rsquo;usage des ressources mises \u00e0 sa disposition par les op\u00e9rateurs t\u00e9l\u00e9phoniques.<\/p>\n<p><span style=\"text-decoration: underline;\">Le saviez-vous ?<br \/>\n<\/span>La plupart des op\u00e9rateurs limitent leurs forfaits &#8230; illimit\u00e9s en agissant sur :<\/p>\n<ul>\n<li>le nombre de destinataires (entre 99 et 250) que vous pouvez joindre, quand cette limite est d\u00e9pass\u00e9e, vos communication sont factur\u00e9es hors forfait,<\/li>\n<li>la dur\u00e9e des appels (2 ou 3 heures) au del\u00e0 vos communications sont factur\u00e9es hors forfait.<\/li>\n<\/ul>\n<p><span style=\"color: #008000;\"><strong>Zebra3Tel<\/strong> <\/span>est \u00e0 la recherche de volontaires qui souhaiteraient tester sans aucun frais ni engagement cette\u00a0 nouvelle fa\u00e7on d&rsquo;envisager la t\u00e9l\u00e9phonie.<\/p>\n<p>Apr\u00e8s une p\u00e9riode d&rsquo;\u00e9valuation, nous chercherons \u00e0 recueillir vos impressions et commentaires concernant la facilit\u00e9 d&rsquo;utilisation et la qualit\u00e9 per\u00e7ue du service.<\/p>\n<p>Si vous \u00eates int\u00e9ress\u00e9 ou tout simplement curieux, rendez-vous \u00e0 la page <span style=\"color: #008000;\"><a style=\"color: #008000;\" href=\"https:\/\/zebra3tel.com\/wordpress\/contact\/\" target=\"_blank\" rel=\"noopener noreferrer\"><strong>contact<\/strong><\/a><\/span> pour nous laisser votre message.<\/p>\n","protected":false},"excerpt":{"rendered":"<p>Zebra3Tel\u00a0 n&rsquo;est pas un op\u00e9rateur telecom comme les autres et ne poursuit aucun but lucratif. L&rsquo;objectif du projet Zebra3Tel est de permettre \u00e0 ses membres de r\u00e9duire de fa\u00e7on tr\u00e8s importante le co\u00fbt de leurs communications t\u00e9l\u00e9phoniques en exploitant au mieux les offres des fournisseurs de services. La plupart d\u2019entre nous ne consommons qu&rsquo;une infime &hellip; <\/p>\n<p class=\"link-more\"><a href=\"https:\/\/zebra3tel-voice.com\/?page_id=133\" class=\"more-link\">Continuer la lecture<span class=\"screen-reader-text\"> de &laquo;&nbsp;P r o j e t&nbsp;&raquo;<\/span><\/a><\/p>\n","protected":false},"author":1,"featured_media":53,"parent":0,"menu_order":0,"comment_status":"closed","ping_status":"closed","template":"","meta":{"footnotes":""},"class_list":["post-133","page","type-page","status-publish","has-post-thumbnail","hentry"],"yoast_head":"<!-- This site is optimized with the Yoast SEO plugin v27.4 - https:\/\/yoast.com\/product\/yoast-seo-wordpress\/ -->\n<title>P r o j e t - Zebra3.tel<\/title>\n<meta name=\"description\" content=\"voip telephone international roaming gratuit\" \/>\n<meta name=\"robots\" content=\"index, follow, max-snippet:-1, max-image-preview:large, max-video-preview:-1\" \/>\n<link rel=\"canonical\" href=\"https:\/\/zebra3tel-voice.com\/?page_id=133\" \/>\n<meta property=\"og:locale\" content=\"fr_FR\" \/>\n<meta property=\"og:type\" content=\"article\" \/>\n<meta property=\"og:title\" content=\"P r o j e t - Zebra3.tel\" \/>\n<meta property=\"og:description\" content=\"voip telephone international roaming gratuit\" \/>\n<meta property=\"og:url\" content=\"https:\/\/zebra3tel-voice.com\/?page_id=133\" \/>\n<meta property=\"og:site_name\" content=\"Zebra3.tel\" \/>\n<meta property=\"article:publisher\" content=\"https:\/\/www.facebook.com\/profile.php?id=100057233747951\" \/>\n<meta name=\"twitter:card\" content=\"summary_large_image\" \/>\n<meta name=\"twitter:label1\" content=\"Dur\u00e9e de lecture estim\u00e9e\" \/>\n\t<meta name=\"twitter:data1\" content=\"1 minute\" \/>\n<script type=\"application\/ld+json\" class=\"yoast-schema-graph\">{\"@context\":\"https:\\\/\\\/schema.org\",\"@graph\":[{\"@type\":\"WebPage\",\"@id\":\"https:\\\/\\\/zebra3tel-voice.com\\\/?page_id=133\",\"url\":\"https:\\\/\\\/zebra3tel-voice.com\\\/?page_id=133\",\"name\":\"P r o j e t - Zebra3.tel\",\"isPartOf\":{\"@id\":\"https:\\\/\\\/zebra3tel-voice.com\\\/#website\"},\"primaryImageOfPage\":{\"@id\":\"https:\\\/\\\/zebra3tel-voice.com\\\/?page_id=133#primaryimage\"},\"image\":{\"@id\":\"https:\\\/\\\/zebra3tel-voice.com\\\/?page_id=133#primaryimage\"},\"thumbnailUrl\":\"\",\"datePublished\":\"2017-04-14T12:21:38+00:00\",\"description\":\"voip telephone international roaming gratuit\",\"breadcrumb\":{\"@id\":\"https:\\\/\\\/zebra3tel-voice.com\\\/?page_id=133#breadcrumb\"},\"inLanguage\":\"fr-FR\",\"potentialAction\":[{\"@type\":\"ReadAction\",\"target\":[\"https:\\\/\\\/zebra3tel-voice.com\\\/?page_id=133\"]}]},{\"@type\":\"ImageObject\",\"inLanguage\":\"fr-FR\",\"@id\":\"https:\\\/\\\/zebra3tel-voice.com\\\/?page_id=133#primaryimage\",\"url\":\"\",\"contentUrl\":\"\"},{\"@type\":\"BreadcrumbList\",\"@id\":\"https:\\\/\\\/zebra3tel-voice.com\\\/?page_id=133#breadcrumb\",\"itemListElement\":[{\"@type\":\"ListItem\",\"position\":1,\"name\":\"Accueil\",\"item\":\"https:\\\/\\\/zebra3tel-voice.com\\\/\"},{\"@type\":\"ListItem\",\"position\":2,\"name\":\"P r o j e t\"}]},{\"@type\":\"WebSite\",\"@id\":\"https:\\\/\\\/zebra3tel-voice.com\\\/#website\",\"url\":\"https:\\\/\\\/zebra3tel-voice.com\\\/\",\"name\":\"Zebra3Tel\",\"description\":\"Communiquer diff\u00e9remment\",\"publisher\":{\"@id\":\"https:\\\/\\\/zebra3tel-voice.com\\\/#organization\"},\"potentialAction\":[{\"@type\":\"SearchAction\",\"target\":{\"@type\":\"EntryPoint\",\"urlTemplate\":\"https:\\\/\\\/zebra3tel-voice.com\\\/?s={search_term_string}\"},\"query-input\":{\"@type\":\"PropertyValueSpecification\",\"valueRequired\":true,\"valueName\":\"search_term_string\"}}],\"inLanguage\":\"fr-FR\"},{\"@type\":\"Organization\",\"@id\":\"https:\\\/\\\/zebra3tel-voice.com\\\/#organization\",\"name\":\"Zebra3Tel\",\"url\":\"https:\\\/\\\/zebra3tel-voice.com\\\/\",\"logo\":{\"@type\":\"ImageObject\",\"inLanguage\":\"fr-FR\",\"@id\":\"https:\\\/\\\/zebra3tel-voice.com\\\/#\\\/schema\\\/logo\\\/image\\\/\",\"url\":\"https:\\\/\\\/zebra3tel-voice.com\\\/wp-content\\\/uploads\\\/2024\\\/06\\\/cropped-cropped-LogoZebra3Tel_master3.jpg\",\"contentUrl\":\"https:\\\/\\\/zebra3tel-voice.com\\\/wp-content\\\/uploads\\\/2024\\\/06\\\/cropped-cropped-LogoZebra3Tel_master3.jpg\",\"width\":250,\"height\":250,\"caption\":\"Zebra3Tel\"},\"image\":{\"@id\":\"https:\\\/\\\/zebra3tel-voice.com\\\/#\\\/schema\\\/logo\\\/image\\\/\"},\"sameAs\":[\"https:\\\/\\\/www.facebook.com\\\/profile.php?id=100057233747951\"]}]}<\/script>\n<!-- \/ Yoast SEO plugin. -->","yoast_head_json":{"title":"P r o j e t - Zebra3.tel","description":"voip telephone international roaming gratuit","robots":{"index":"index","follow":"follow","max-snippet":"max-snippet:-1","max-image-preview":"max-image-preview:large","max-video-preview":"max-video-preview:-1"},"canonical":"https:\/\/zebra3tel-voice.com\/?page_id=133","og_locale":"fr_FR","og_type":"article","og_title":"P r o j e t - Zebra3.tel","og_description":"voip telephone international roaming gratuit","og_url":"https:\/\/zebra3tel-voice.com\/?page_id=133","og_site_name":"Zebra3.tel","article_publisher":"https:\/\/www.facebook.com\/profile.php?id=100057233747951","twitter_card":"summary_large_image","twitter_misc":{"Dur\u00e9e de lecture estim\u00e9e":"1 minute"},"schema":{"@context":"https:\/\/schema.org","@graph":[{"@type":"WebPage","@id":"https:\/\/zebra3tel-voice.com\/?page_id=133","url":"https:\/\/zebra3tel-voice.com\/?page_id=133","name":"P r o j e t - Zebra3.tel","isPartOf":{"@id":"https:\/\/zebra3tel-voice.com\/#website"},"primaryImageOfPage":{"@id":"https:\/\/zebra3tel-voice.com\/?page_id=133#primaryimage"},"image":{"@id":"https:\/\/zebra3tel-voice.com\/?page_id=133#primaryimage"},"thumbnailUrl":"","datePublished":"2017-04-14T12:21:38+00:00","description":"voip telephone international roaming gratuit","breadcrumb":{"@id":"https:\/\/zebra3tel-voice.com\/?page_id=133#breadcrumb"},"inLanguage":"fr-FR","potentialAction":[{"@type":"ReadAction","target":["https:\/\/zebra3tel-voice.com\/?page_id=133"]}]},{"@type":"ImageObject","inLanguage":"fr-FR","@id":"https:\/\/zebra3tel-voice.com\/?page_id=133#primaryimage","url":"","contentUrl":""},{"@type":"BreadcrumbList","@id":"https:\/\/zebra3tel-voice.com\/?page_id=133#breadcrumb","itemListElement":[{"@type":"ListItem","position":1,"name":"Accueil","item":"https:\/\/zebra3tel-voice.com\/"},{"@type":"ListItem","position":2,"name":"P r o j e t"}]},{"@type":"WebSite","@id":"https:\/\/zebra3tel-voice.com\/#website","url":"https:\/\/zebra3tel-voice.com\/","name":"Zebra3Tel","description":"Communiquer diff\u00e9remment","publisher":{"@id":"https:\/\/zebra3tel-voice.com\/#organization"},"potentialAction":[{"@type":"SearchAction","target":{"@type":"EntryPoint","urlTemplate":"https:\/\/zebra3tel-voice.com\/?s={search_term_string}"},"query-input":{"@type":"PropertyValueSpecification","valueRequired":true,"valueName":"search_term_string"}}],"inLanguage":"fr-FR"},{"@type":"Organization","@id":"https:\/\/zebra3tel-voice.com\/#organization","name":"Zebra3Tel","url":"https:\/\/zebra3tel-voice.com\/","logo":{"@type":"ImageObject","inLanguage":"fr-FR","@id":"https:\/\/zebra3tel-voice.com\/#\/schema\/logo\/image\/","url":"https:\/\/zebra3tel-voice.com\/wp-content\/uploads\/2024\/06\/cropped-cropped-LogoZebra3Tel_master3.jpg","contentUrl":"https:\/\/zebra3tel-voice.com\/wp-content\/uploads\/2024\/06\/cropped-cropped-LogoZebra3Tel_master3.jpg","width":250,"height":250,"caption":"Zebra3Tel"},"image":{"@id":"https:\/\/zebra3tel-voice.com\/#\/schema\/logo\/image\/"},"sameAs":["https:\/\/www.facebook.com\/profile.php?id=100057233747951"]}]}},"_links":{"self":[{"href":"https:\/\/zebra3tel-voice.com\/index.php?rest_route=\/wp\/v2\/pages\/133","targetHints":{"allow":["GET"]}}],"collection":[{"href":"https:\/\/zebra3tel-voice.com\/index.php?rest_route=\/wp\/v2\/pages"}],"about":[{"href":"https:\/\/zebra3tel-voice.com\/index.php?rest_route=\/wp\/v2\/types\/page"}],"author":[{"embeddable":true,"href":"https:\/\/zebra3tel-voice.com\/index.php?rest_route=\/wp\/v2\/users\/1"}],"replies":[{"embeddable":true,"href":"https:\/\/zebra3tel-voice.com\/index.php?rest_route=%2Fwp%2Fv2%2Fcomments&post=133"}],"version-history":[{"count":0,"href":"https:\/\/zebra3tel-voice.com\/index.php?rest_route=\/wp\/v2\/pages\/133\/revisions"}],"wp:featuredmedia":[{"embeddable":true,"href":"https:\/\/zebra3tel-voice.com\/index.php?rest_route=\/"}],"wp:attachment":[{"href":"https:\/\/zebra3tel-voice.com\/index.php?rest_route=%2Fwp%2Fv2%2Fmedia&parent=133"}],"curies":[{"name":"wp","href":"https:\/\/api.w.org\/{rel}","templated":true}]}}